{"id":109,"date":"2021-12-20T16:30:23","date_gmt":"2021-12-20T16:30:23","guid":{"rendered":"http:\/\/localhost\/embaixada1\/?page_id=109"},"modified":"2022-11-03T21:40:07","modified_gmt":"2022-11-03T21:40:07","slug":"consulado","status":"publish","type":"page","link":"https:\/\/mangolacplp.pt\/?page_id=109","title":{"rendered":"Embaixadas nos pa\u00edses da CPLP"},"content":{"rendered":"\t\t<div data-elementor-type=\"wp-page\" data-elementor-id=\"109\" class=\"elementor elementor-109\">\n\t\t\t\t\t\t<section class=\"elementor-section elementor-top-section elementor-element elementor-element-e86d9f7 elementor-section-boxed elementor-section-height-default elementor-section-height-default\" data-id=\"e86d9f7\" data-element_type=\"section\" data-e-type=\"section\">\n\t\t\t\t\t\t<div class=\"elementor-container elementor-column-gap-default\">\n\t\t\t\t\t<div class=\"elementor-column elementor-col-100 elementor-top-column elementor-element elementor-element-0f37778\" data-id=\"0f37778\" data-element_type=\"column\" data-e-type=\"column\">\n\t\t\t<div class=\"elementor-widget-wrap elementor-element-populated\">\n\t\t\t\t\t\t<div class=\"elementor-element elementor-element-8b57c93 zeus-grid--image-center elementor-widget elementor-widget-zeus-blog-grid\" data-id=\"8b57c93\" data-element_type=\"widget\" data-e-type=\"widget\" data-widget_type=\"zeus-blog-grid.default\">\n\t\t\t\t<div class=\"elementor-widget-container\">\n\t\t\t\t\t\n\t\t\t<div class=\"zeus-blog-grid\">\n\n\t\t\t\t\n\t\t\t\t\t\t<article id=\"post-2513\" class=\"zeus-grid-entry post-2513 paises_cplp type-paises_cplp status-publish hentry\">\n\n\t\t\t\t\t\t\t\n\t\t\t\t\t\t\t\t<div class=\"zeus-grid-inner\">\n\n\t\t\t\t\t\t\t\t\t\n\t\t\t\t\t\t\t\t\t\n\t\t\t\t\t\t\t\t\t\t<div class=\"zeus-grid-details\">\n\n\t\t\t\t\t\t\t\t\t\t\t\n\t\t\t\t\t\t\t\t\t\t\t\t<h2 class=\"zeus-grid-title\">\n\t\t\t\t\t\t\t\t\t\t\t\t\t<a href=\"https:\/\/mangolacplp.pt\/?paises_cplp=brasil\" title=\"Brasil\">Brasil<\/a>\n\t\t\t\t\t\t\t\t\t\t\t\t<\/h2>\n\n\t\t\t\t\t\t\t\t\t\t\t\n\t\t\t\t\t\t\t\t\t\t\t\n\t\t\t\t\t\t\t\t\t\t\t\n\t\t\t\t\t\t\t\t\t\t\t\n\t\t\t\t\t\t\t\t\t\t<\/div><!-- .zeus-grid-details -->\n\n\t\t\t\t\t\t\t\t\t\n\t\t\t\t\t\t\t\t<\/div>\n\n\t\t\t\t\t\t\t\n\t\t\t\t\t\t<\/article>\n\n\t\t\t\t\t\n\t\t\t\t\t\n\t\t\t\t\t\t<article id=\"post-2515\" class=\"zeus-grid-entry post-2515 paises_cplp type-paises_cplp status-publish hentry\">\n\n\t\t\t\t\t\t\t\n\t\t\t\t\t\t\t\t<div class=\"zeus-grid-inner\">\n\n\t\t\t\t\t\t\t\t\t\n\t\t\t\t\t\t\t\t\t\n\t\t\t\t\t\t\t\t\t\t<div class=\"zeus-grid-details\">\n\n\t\t\t\t\t\t\t\t\t\t\t\n\t\t\t\t\t\t\t\t\t\t\t\t<h2 class=\"zeus-grid-title\">\n\t\t\t\t\t\t\t\t\t\t\t\t\t<a href=\"https:\/\/mangolacplp.pt\/?paises_cplp=cabo-verde\" title=\"Cabo Verde\">Cabo Verde<\/a>\n\t\t\t\t\t\t\t\t\t\t\t\t<\/h2>\n\n\t\t\t\t\t\t\t\t\t\t\t\n\t\t\t\t\t\t\t\t\t\t\t\n\t\t\t\t\t\t\t\t\t\t\t\n\t\t\t\t\t\t\t\t\t\t\t\n\t\t\t\t\t\t\t\t\t\t<\/div><!-- .zeus-grid-details -->\n\n\t\t\t\t\t\t\t\t\t\n\t\t\t\t\t\t\t\t<\/div>\n\n\t\t\t\t\t\t\t\n\t\t\t\t\t\t<\/article>\n\n\t\t\t\t\t\n\t\t\t\t\t\n\t\t\t\t\t\t<article id=\"post-2577\" class=\"zeus-grid-entry post-2577 paises_cplp type-paises_cplp status-publish hentry\">\n\n\t\t\t\t\t\t\t\n\t\t\t\t\t\t\t\t<div class=\"zeus-grid-inner\">\n\n\t\t\t\t\t\t\t\t\t\n\t\t\t\t\t\t\t\t\t\n\t\t\t\t\t\t\t\t\t\t<div class=\"zeus-grid-details\">\n\n\t\t\t\t\t\t\t\t\t\t\t\n\t\t\t\t\t\t\t\t\t\t\t\t<h2 class=\"zeus-grid-title\">\n\t\t\t\t\t\t\t\t\t\t\t\t\t<a href=\"https:\/\/mangolacplp.pt\/?paises_cplp=guine-equatorial\" title=\"Guin\u00e9 Equatorial\">Guin\u00e9 Equatorial<\/a>\n\t\t\t\t\t\t\t\t\t\t\t\t<\/h2>\n\n\t\t\t\t\t\t\t\t\t\t\t\n\t\t\t\t\t\t\t\t\t\t\t\n\t\t\t\t\t\t\t\t\t\t\t\n\t\t\t\t\t\t\t\t\t\t\t\n\t\t\t\t\t\t\t\t\t\t<\/div><!-- .zeus-grid-details -->\n\n\t\t\t\t\t\t\t\t\t\n\t\t\t\t\t\t\t\t<\/div>\n\n\t\t\t\t\t\t\t\n\t\t\t\t\t\t<\/article>\n\n\t\t\t\t\t\n\t\t\t\t\t\n\t\t\t\t\t\t<article id=\"post-2521\" class=\"zeus-grid-entry post-2521 paises_cplp type-paises_cplp status-publish hentry\">\n\n\t\t\t\t\t\t\t\n\t\t\t\t\t\t\t\t<div class=\"zeus-grid-inner\">\n\n\t\t\t\t\t\t\t\t\t\n\t\t\t\t\t\t\t\t\t\n\t\t\t\t\t\t\t\t\t\t<div class=\"zeus-grid-details\">\n\n\t\t\t\t\t\t\t\t\t\t\t\n\t\t\t\t\t\t\t\t\t\t\t\t<h2 class=\"zeus-grid-title\">\n\t\t\t\t\t\t\t\t\t\t\t\t\t<a href=\"https:\/\/mangolacplp.pt\/?paises_cplp=gine-bissau\" title=\"Guin\u00e9-Bissau\">Guin\u00e9-Bissau<\/a>\n\t\t\t\t\t\t\t\t\t\t\t\t<\/h2>\n\n\t\t\t\t\t\t\t\t\t\t\t\n\t\t\t\t\t\t\t\t\t\t\t\n\t\t\t\t\t\t\t\t\t\t\t\n\t\t\t\t\t\t\t\t\t\t\t\n\t\t\t\t\t\t\t\t\t\t<\/div><!-- .zeus-grid-details -->\n\n\t\t\t\t\t\t\t\t\t\n\t\t\t\t\t\t\t\t<\/div>\n\n\t\t\t\t\t\t\t\n\t\t\t\t\t\t<\/article>\n\n\t\t\t\t\t\n\t\t\t\t\t\n\t\t\t\t\t\t<article id=\"post-2519\" class=\"zeus-grid-entry post-2519 paises_cplp type-paises_cplp status-publish hentry\">\n\n\t\t\t\t\t\t\t\n\t\t\t\t\t\t\t\t<div class=\"zeus-grid-inner\">\n\n\t\t\t\t\t\t\t\t\t\n\t\t\t\t\t\t\t\t\t\n\t\t\t\t\t\t\t\t\t\t<div class=\"zeus-grid-details\">\n\n\t\t\t\t\t\t\t\t\t\t\t\n\t\t\t\t\t\t\t\t\t\t\t\t<h2 class=\"zeus-grid-title\">\n\t\t\t\t\t\t\t\t\t\t\t\t\t<a href=\"https:\/\/mangolacplp.pt\/?paises_cplp=mocambique\" title=\"Mo\u00e7ambique\">Mo\u00e7ambique<\/a>\n\t\t\t\t\t\t\t\t\t\t\t\t<\/h2>\n\n\t\t\t\t\t\t\t\t\t\t\t\n\t\t\t\t\t\t\t\t\t\t\t\n\t\t\t\t\t\t\t\t\t\t\t\n\t\t\t\t\t\t\t\t\t\t\t\n\t\t\t\t\t\t\t\t\t\t<\/div><!-- .zeus-grid-details -->\n\n\t\t\t\t\t\t\t\t\t\n\t\t\t\t\t\t\t\t<\/div>\n\n\t\t\t\t\t\t\t\n\t\t\t\t\t\t<\/article>\n\n\t\t\t\t\t\n\t\t\t\t\t\n\t\t\t\t\t\t<article id=\"post-2500\" class=\"zeus-grid-entry post-2500 paises_cplp type-paises_cplp status-publish hentry\">\n\n\t\t\t\t\t\t\t\n\t\t\t\t\t\t\t\t<div class=\"zeus-grid-inner\">\n\n\t\t\t\t\t\t\t\t\t\n\t\t\t\t\t\t\t\t\t\n\t\t\t\t\t\t\t\t\t\t<div class=\"zeus-grid-details\">\n\n\t\t\t\t\t\t\t\t\t\t\t\n\t\t\t\t\t\t\t\t\t\t\t\t<h2 class=\"zeus-grid-title\">\n\t\t\t\t\t\t\t\t\t\t\t\t\t<a href=\"https:\/\/mangolacplp.pt\/?paises_cplp=portugal\" title=\"Portugal\">Portugal<\/a>\n\t\t\t\t\t\t\t\t\t\t\t\t<\/h2>\n\n\t\t\t\t\t\t\t\t\t\t\t\n\t\t\t\t\t\t\t\t\t\t\t\n\t\t\t\t\t\t\t\t\t\t\t\n\t\t\t\t\t\t\t\t\t\t\t\n\t\t\t\t\t\t\t\t\t\t<\/div><!-- .zeus-grid-details -->\n\n\t\t\t\t\t\t\t\t\t\n\t\t\t\t\t\t\t\t<\/div>\n\n\t\t\t\t\t\t\t\n\t\t\t\t\t\t<\/article>\n\n\t\t\t\t\t\n\t\t\t\t\t\n\t\t\t\t\t\t<article id=\"post-2524\" class=\"zeus-grid-entry post-2524 paises_cplp type-paises_cplp status-publish hentry\">\n\n\t\t\t\t\t\t\t\n\t\t\t\t\t\t\t\t<div class=\"zeus-grid-inner\">\n\n\t\t\t\t\t\t\t\t\t\n\t\t\t\t\t\t\t\t\t\n\t\t\t\t\t\t\t\t\t\t<div class=\"zeus-grid-details\">\n\n\t\t\t\t\t\t\t\t\t\t\t\n\t\t\t\t\t\t\t\t\t\t\t\t<h2 class=\"zeus-grid-title\">\n\t\t\t\t\t\t\t\t\t\t\t\t\t<a href=\"https:\/\/mangolacplp.pt\/?paises_cplp=sao-tome-e-principe\" title=\"S\u00e3o Tom\u00e9 e Pr\u00edncipe\">S\u00e3o Tom\u00e9 e Pr\u00edncipe<\/a>\n\t\t\t\t\t\t\t\t\t\t\t\t<\/h2>\n\n\t\t\t\t\t\t\t\t\t\t\t\n\t\t\t\t\t\t\t\t\t\t\t\n\t\t\t\t\t\t\t\t\t\t\t\n\t\t\t\t\t\t\t\t\t\t\t\n\t\t\t\t\t\t\t\t\t\t<\/div><!-- .zeus-grid-details -->\n\n\t\t\t\t\t\t\t\t\t\n\t\t\t\t\t\t\t\t<\/div>\n\n\t\t\t\t\t\t\t\n\t\t\t\t\t\t<\/article>\n\n\t\t\t\t\t\n\t\t\t\t\t\n\t\t\t\t\t\t<article id=\"post-2567\" class=\"zeus-grid-entry post-2567 paises_cplp type-paises_cplp status-publish hentry\">\n\n\t\t\t\t\t\t\t\n\t\t\t\t\t\t\t\t<div class=\"zeus-grid-inner\">\n\n\t\t\t\t\t\t\t\t\t\n\t\t\t\t\t\t\t\t\t\n\t\t\t\t\t\t\t\t\t\t<div class=\"zeus-grid-details\">\n\n\t\t\t\t\t\t\t\t\t\t\t\n\t\t\t\t\t\t\t\t\t\t\t\t<h2 class=\"zeus-grid-title\">\n\t\t\t\t\t\t\t\t\t\t\t\t\t<a href=\"https:\/\/mangolacplp.pt\/?paises_cplp=timor-leste\" title=\"Timor-Leste\">Timor-Leste<\/a>\n\t\t\t\t\t\t\t\t\t\t\t\t<\/h2>\n\n\t\t\t\t\t\t\t\t\t\t\t\n\t\t\t\t\t\t\t\t\t\t\t\n\t\t\t\t\t\t\t\t\t\t\t\n\t\t\t\t\t\t\t\t\t\t\t\n\t\t\t\t\t\t\t\t\t\t<\/div><!-- .zeus-grid-details -->\n\n\t\t\t\t\t\t\t\t\t\n\t\t\t\t\t\t\t\t<\/div>\n\n\t\t\t\t\t\t\t\n\t\t\t\t\t\t<\/article>\n\n\t\t\t\t\t\n\t\t\t\t\t\n\t\t\t<\/div><!-- .zeus-blog-grid -->\n\n\t\t\t\n\t\t\t\t\t\t<\/div>\n\t\t\t\t<\/div>\n\t\t\t\t\t<\/div>\n\t\t<\/div>\n\t\t\t\t\t<\/div>\n\t\t<\/section>\n\t\t\t\t<\/div>\n\t\t","protected":false},"excerpt":{"rendered":"<p>Brasil Cabo Verde Guin\u00e9 Equatorial Guin\u00e9-Bissau Mo\u00e7ambique Portugal S\u00e3o Tom\u00e9 e Pr\u00edncipe Timor-Leste<\/p>\n","protected":false},"author":1,"featured_media":0,"parent":0,"menu_order":2,"comment_status":"closed","ping_status":"closed","template":"","meta":{"om_disable_all_campaigns":false,"_monsterinsights_skip_tracking":false,"_monsterinsights_sitenote_active":false,"_monsterinsights_sitenote_note":"","_monsterinsights_sitenote_category":0,"cybocfi_hide_featured_image":"","footnotes":"","beyondwords_generate_audio":"","beyondwords_integration_method":"","beyondwords_project_id":"","beyondwords_content_id":"","beyondwords_preview_token":"","beyondwords_player_content":"","beyondwords_player_style":"","beyondwords_language_code":"","beyondwords_language_id":"","beyondwords_title_voice_id":"","beyondwords_body_voice_id":"","beyondwords_summary_voice_id":"","beyondwords_error_message":"","beyondwords_disabled":"","beyondwords_delete_content":"","beyondwords_podcast_id":"","beyondwords_hash":"","publish_post_to_speechkit":"","speechkit_hash":"","speechkit_generate_audio":"","speechkit_project_id":"","speechkit_podcast_id":"","speechkit_error_message":"","speechkit_disabled":"","speechkit_access_key":"","speechkit_error":"","speechkit_info":"","speechkit_response":"","speechkit_retries":"","speechkit_status":"","speechkit_updated_at":"","_speechkit_link":"","_speechkit_text":""},"class_list":["post-109","page","type-page","status-publish","hentry"],"aioseo_notices":[],"_links":{"self":[{"href":"https:\/\/mangolacplp.pt\/index.php?rest_route=\/wp\/v2\/pages\/109","targetHints":{"allow":["GET"]}}],"collection":[{"href":"https:\/\/mangolacplp.pt\/index.php?rest_route=\/wp\/v2\/pages"}],"about":[{"href":"https:\/\/mangolacplp.pt\/index.php?rest_route=\/wp\/v2\/types\/page"}],"author":[{"embeddable":true,"href":"https:\/\/mangolacplp.pt\/index.php?rest_route=\/wp\/v2\/users\/1"}],"replies":[{"embeddable":true,"href":"https:\/\/mangolacplp.pt\/index.php?rest_route=%2Fwp%2Fv2%2Fcomments&post=109"}],"version-history":[{"count":0,"href":"https:\/\/mangolacplp.pt\/index.php?rest_route=\/wp\/v2\/pages\/109\/revisions"}],"wp:attachment":[{"href":"https:\/\/mangolacplp.pt\/index.php?rest_route=%2Fwp%2Fv2%2Fmedia&parent=109"}],"curies":[{"name":"wp","href":"https:\/\/api.w.org\/{rel}","templated":true}]}}