{"id":2769,"date":"2022-11-05T01:13:19","date_gmt":"2022-11-05T01:13:19","guid":{"rendered":"https:\/\/mangolacplp.pt\/?page_id=2769"},"modified":"2022-11-15T21:45:31","modified_gmt":"2022-11-15T21:45:31","slug":"a-missao","status":"publish","type":"page","link":"https:\/\/mangolacplp.pt\/?page_id=2769","title":{"rendered":"A Miss\u00e3o"},"content":{"rendered":"<div class=\"wp-block-image\">\n<figure class=\"alignright size-full\"><img fetchpriority=\"high\" decoding=\"async\" width=\"275\" height=\"183\" src=\"https:\/\/mangolacplp.pt\/wp-content\/uploads\/2022\/10\/transferir-2.png\" alt=\"\" class=\"wp-image-2097\"\/><\/figure>\n<\/div>\n\n\n<p>\u00c9 miss\u00e3o da institui\u00e7\u00e3o representar o Estado angolano junto Comunidade dos Pa\u00edses de L\u00edngua Portuguesa (CPLP) e promover o estreitamento de rela\u00e7\u00f5es de amizade e de coopera\u00e7\u00e3o.<\/p>\n\n\n\n<h2 class=\"wp-block-heading\">Desafio do sector<\/h2>\n\n\n\n<p>Concretiza\u00e7\u00e3o da pol\u00edtica externa do Estado angolano junto da Comunidade dos Pa\u00edses de L\u00edngua Portuguesa.<\/p>\n","protected":false},"excerpt":{"rendered":"<p>\u00c9 miss\u00e3o da institui\u00e7\u00e3o representar o Estado angolano junto Comunidade dos Pa\u00edses de L\u00edngua Portuguesa (CPLP) e promover o estreitamento de rela\u00e7\u00f5es de amizade e de coopera\u00e7\u00e3o. Desafio do sector Concretiza\u00e7\u00e3o da pol\u00edtica externa do Estado angolano junto da Comunidade dos Pa\u00edses de L\u00edngua Portuguesa.<\/p>\n","protected":false},"author":2,"featured_media":0,"parent":0,"menu_order":0,"comment_status":"closed","ping_status":"closed","template":"","meta":{"om_disable_all_campaigns":false,"_monsterinsights_skip_tracking":false,"_monsterinsights_sitenote_active":false,"_monsterinsights_sitenote_note":"","_monsterinsights_sitenote_category":0,"cybocfi_hide_featured_image":"","footnotes":"","beyondwords_generate_audio":"","beyondwords_integration_method":"","beyondwords_project_id":"","beyondwords_content_id":"","beyondwords_preview_token":"","beyondwords_player_content":"","beyondwords_player_style":"","beyondwords_language_code":"","beyondwords_language_id":"","beyondwords_title_voice_id":"","beyondwords_body_voice_id":"","beyondwords_summary_voice_id":"","beyondwords_error_message":"","beyondwords_disabled":"","beyondwords_delete_content":"","beyondwords_podcast_id":"","beyondwords_hash":"","publish_post_to_speechkit":"","speechkit_hash":"","speechkit_generate_audio":"","speechkit_project_id":"","speechkit_podcast_id":"","speechkit_error_message":"","speechkit_disabled":"","speechkit_access_key":"","speechkit_error":"","speechkit_info":"","speechkit_response":"","speechkit_retries":"","speechkit_status":"","speechkit_updated_at":"","_speechkit_link":"","_speechkit_text":""},"class_list":["post-2769","page","type-page","status-publish","hentry"],"aioseo_notices":[],"_links":{"self":[{"href":"https:\/\/mangolacplp.pt\/index.php?rest_route=\/wp\/v2\/pages\/2769","targetHints":{"allow":["GET"]}}],"collection":[{"href":"https:\/\/mangolacplp.pt\/index.php?rest_route=\/wp\/v2\/pages"}],"about":[{"href":"https:\/\/mangolacplp.pt\/index.php?rest_route=\/wp\/v2\/types\/page"}],"author":[{"embeddable":true,"href":"https:\/\/mangolacplp.pt\/index.php?rest_route=\/wp\/v2\/users\/2"}],"replies":[{"embeddable":true,"href":"https:\/\/mangolacplp.pt\/index.php?rest_route=%2Fwp%2Fv2%2Fcomments&post=2769"}],"version-history":[{"count":0,"href":"https:\/\/mangolacplp.pt\/index.php?rest_route=\/wp\/v2\/pages\/2769\/revisions"}],"wp:attachment":[{"href":"https:\/\/mangolacplp.pt\/index.php?rest_route=%2Fwp%2Fv2%2Fmedia&parent=2769"}],"curies":[{"name":"wp","href":"https:\/\/api.w.org\/{rel}","templated":true}]}}