{"id":2773,"date":"2022-11-05T01:13:52","date_gmt":"2022-11-05T01:13:52","guid":{"rendered":"https:\/\/mangolacplp.pt\/?page_id=2773"},"modified":"2022-11-15T21:43:45","modified_gmt":"2022-11-15T21:43:45","slug":"quem-somos","status":"publish","type":"page","link":"https:\/\/mangolacplp.pt\/?page_id=2773","title":{"rendered":"Quem somos"},"content":{"rendered":"\n<p>A Miss\u00e3o Permanente da Republica de Angola junto da CPLP \u00e9 o \u00d3rg\u00e3o Executivo Externo do Minist\u00e9rio das Rela\u00e7\u00f5es Exteriores que representa os interesses do Estado Angolano junto da Comunidade dos Pa\u00edses de L\u00edngua Portuguesa (CPLP), sedeada em Lisboa, sendo seu objecto central a realiza\u00e7\u00e3o da politica externa e das orienta\u00e7\u00f5es do Governo junto desta Organiza\u00e7\u00e3o Internacional.<\/p>\n\n\n\n<p>A Miss\u00e3o Permanente da Republica de Angola junto da Comunidade dos Pa\u00edses de L\u00edngua Portuguesa (CPLP) \u00e9 servi\u00e7o executivo externo do Minist\u00e9rio das Rela\u00e7\u00f5es Exteriores da Republica de Angola que representa os interesses do Estado junto da CPLP.<\/p>\n\n\n\n<p>A Miss\u00e3o Permanente tem a sua sede em Lisboa, capital da Republica Portuguesa, pa\u00eds que alberga a sede da Comunidade dos Pa\u00edses de L\u00edngua Portuguesa.<\/p>\n","protected":false},"excerpt":{"rendered":"<p>A Miss\u00e3o Permanente da Republica de Angola junto da CPLP \u00e9 o \u00d3rg\u00e3o Executivo Externo do Minist\u00e9rio das Rela\u00e7\u00f5es Exteriores que representa os interesses do Estado Angolano junto da Comunidade dos Pa\u00edses de L\u00edngua Portuguesa (CPLP), sedeada em Lisboa, sendo seu objecto central a realiza\u00e7\u00e3o da politica externa e das orienta\u00e7\u00f5es do Governo junto desta [&hellip;]<\/p>\n","protected":false},"author":2,"featured_media":0,"parent":0,"menu_order":0,"comment_status":"closed","ping_status":"closed","template":"","meta":{"om_disable_all_campaigns":false,"_monsterinsights_skip_tracking":false,"_monsterinsights_sitenote_active":false,"_monsterinsights_sitenote_note":"","_monsterinsights_sitenote_category":0,"cybocfi_hide_featured_image":"","footnotes":"","beyondwords_generate_audio":"","beyondwords_integration_method":"","beyondwords_project_id":"","beyondwords_content_id":"","beyondwords_preview_token":"","beyondwords_player_content":"","beyondwords_player_style":"","beyondwords_language_code":"","beyondwords_language_id":"","beyondwords_title_voice_id":"","beyondwords_body_voice_id":"","beyondwords_summary_voice_id":"","beyondwords_error_message":"","beyondwords_disabled":"","beyondwords_delete_content":"","beyondwords_podcast_id":"","beyondwords_hash":"","publish_post_to_speechkit":"","speechkit_hash":"","speechkit_generate_audio":"","speechkit_project_id":"","speechkit_podcast_id":"","speechkit_error_message":"","speechkit_disabled":"","speechkit_access_key":"","speechkit_error":"","speechkit_info":"","speechkit_response":"","speechkit_retries":"","speechkit_status":"","speechkit_updated_at":"","_speechkit_link":"","_speechkit_text":""},"class_list":["post-2773","page","type-page","status-publish","hentry"],"aioseo_notices":[],"_links":{"self":[{"href":"https:\/\/mangolacplp.pt\/index.php?rest_route=\/wp\/v2\/pages\/2773","targetHints":{"allow":["GET"]}}],"collection":[{"href":"https:\/\/mangolacplp.pt\/index.php?rest_route=\/wp\/v2\/pages"}],"about":[{"href":"https:\/\/mangolacplp.pt\/index.php?rest_route=\/wp\/v2\/types\/page"}],"author":[{"embeddable":true,"href":"https:\/\/mangolacplp.pt\/index.php?rest_route=\/wp\/v2\/users\/2"}],"replies":[{"embeddable":true,"href":"https:\/\/mangolacplp.pt\/index.php?rest_route=%2Fwp%2Fv2%2Fcomments&post=2773"}],"version-history":[{"count":0,"href":"https:\/\/mangolacplp.pt\/index.php?rest_route=\/wp\/v2\/pages\/2773\/revisions"}],"wp:attachment":[{"href":"https:\/\/mangolacplp.pt\/index.php?rest_route=%2Fwp%2Fv2%2Fmedia&parent=2773"}],"curies":[{"name":"wp","href":"https:\/\/api.w.org\/{rel}","templated":true}]}}