{"id":2793,"date":"2022-11-05T01:17:19","date_gmt":"2022-11-05T01:17:19","guid":{"rendered":"https:\/\/mangolacplp.pt\/?page_id=2793"},"modified":"2023-02-25T20:42:53","modified_gmt":"2023-02-25T20:42:53","slug":"informacoes-gerais","status":"publish","type":"page","link":"https:\/\/mangolacplp.pt\/?page_id=2793","title":{"rendered":"Informa\u00e7\u00f5es gerais"},"content":{"rendered":"\n<ul class=\"wp-block-list\">\n<li><strong>Nome<\/strong>&nbsp;<strong>oficial<\/strong>: Rep\u00fablica de Angola<\/li>\n\n\n\n<li><strong>Gent\u00edlico<\/strong>: Angolano<\/li>\n\n\n\n<li><strong>Extens\u00e3o<\/strong>&nbsp;<strong>territorial<\/strong>: 1.246.700 quil\u00f4metros quadrados<\/li>\n\n\n\n<li><strong>Localiza\u00e7\u00e3o<\/strong>: Sul da \u00c1frica<\/li>\n\n\n\n<li><strong>Capital<\/strong>: Luanda<\/li>\n\n\n\n<li><strong>Clima<\/strong>: Temperado<\/li>\n\n\n\n<li><strong>Idioma<\/strong>: Portugu\u00eas<\/li>\n\n\n\n<li><strong>Religi\u00f5es<\/strong>:<br>&#8211; 93,4% (cristianismo)<br>&#8211; 1% (ate\u00edsmo)<br>&#8211; 5,6% (outras)<\/li>\n\n\n\n<li><strong>Popula\u00e7\u00e3o<\/strong>: 30.810.000 habitantes<\/li>\n\n\n\n<li><strong>Densidade demogr\u00e1fica<\/strong>: 15 habitantes\/quil\u00f4metro quadrado<\/li>\n\n\n\n<li><strong>\u00cdndice de Desenvolvimento Humano (IDH)<\/strong>: 0,581 (m\u00e9dio)<\/li>\n\n\n\n<li><strong>Moeda<\/strong>: Kwanza<\/li>\n\n\n\n<li><strong>Produto Interno Bruto (PIB)<\/strong>: US$ 105,8 bilh\u00f5es<\/li>\n\n\n\n<li><strong>PIB per capita<\/strong>: US$ 3.432,39<\/li>\n\n\n\n<li><strong>Gini<\/strong>: 51,3%<\/li>\n\n\n\n<li><strong>Fuso<\/strong>&nbsp;<strong>hor\u00e1rio<\/strong>:&nbsp;<em>UTC+1<\/em><\/li>\n\n\n\n<li><strong>Rela\u00e7\u00f5es<\/strong>&nbsp;<strong>exteriores<\/strong>:&nbsp;<br>&#8211; Organiza\u00e7\u00e3o das Na\u00e7\u00f5es Unidas (ONU)<br>&#8211; Organiza\u00e7\u00e3o Mundial do Com\u00e9rcio (OMC)<br>&#8211; Comunidade de Desenvolvimento da \u00c1frica Austral (SADC)<\/li>\n\n\n\n<li><strong>Divis\u00e3o<\/strong>&nbsp;<strong>administrativa<\/strong>: 18 prov\u00edncias, que s\u00e3o:<\/li>\n<\/ul>\n\n\n\n<figure class=\"wp-block-table\"><table><tbody><tr><td>Cabinda<\/td><td>Lunda Sul<\/td><\/tr><tr><td>Zaire<\/td><td>Benguela<\/td><\/tr><tr><td>U\u00edge<\/td><td>Huambo<\/td><\/tr><tr><td>Luanda<\/td><td>Bi\u00e9<\/td><\/tr><tr><td>Bengo<\/td><td>Moxico<\/td><\/tr><tr><td>Cuanza Norte<\/td><td>Namibe<\/td><\/tr><tr><td>Malanje<\/td><td>Hu\u00edla<\/td><\/tr><tr><td>Lunda Norte<\/td><td>Cunene<\/td><\/tr><tr><td>Cuanza Sul<\/td><td>Cuando Cubango<\/td><\/tr><\/tbody><\/table><\/figure>\n\n\n\n<h2 class=\"wp-block-heading\"><strong>Geografia de Angola<\/strong><\/h2>\n\n\n\n<p>Angola est\u00e1&nbsp;<strong>localizada na por\u00e7\u00e3o sul do continente africano<\/strong>. O pa\u00eds faz fronteira com:<\/p>\n\n\n\n<ul class=\"wp-block-list\">\n<li>Nam\u00edbia<\/li>\n\n\n\n<li>Z\u00e2mbia<\/li>\n\n\n\n<li>Congo<\/li>\n\n\n\n<li>Rep\u00fablica Democr\u00e1tica do Congo<\/li>\n<\/ul>\n\n\n\n<div class=\"wp-block-buttons is-content-justification-center is-layout-flex wp-container-core-buttons-is-layout-a89b3969 wp-block-buttons-is-layout-flex\">\n<div class=\"wp-block-button\"><a class=\"wp-block-button__link has-luminous-vivid-amber-color has-vivid-red-background-color has-text-color has-background wp-element-button\" href=\"https:\/\/governo.gov.ao\/\" target=\"_blank\" rel=\"noreferrer noopener\">Angola Hoje<\/a><\/div>\n<\/div>\n","protected":false},"excerpt":{"rendered":"<p>Cabinda Lunda Sul Zaire Benguela U\u00edge Huambo Luanda Bi\u00e9 Bengo Moxico Cuanza Norte Namibe Malanje Hu\u00edla Lunda Norte Cunene Cuanza Sul Cuando Cubango Geografia de Angola Angola est\u00e1&nbsp;localizada na por\u00e7\u00e3o sul do continente africano. O pa\u00eds faz fronteira com:<\/p>\n","protected":false},"author":2,"featured_media":0,"parent":0,"menu_order":0,"comment_status":"closed","ping_status":"closed","template":"","meta":{"om_disable_all_campaigns":false,"_monsterinsights_skip_tracking":false,"_monsterinsights_sitenote_active":false,"_monsterinsights_sitenote_note":"","_monsterinsights_sitenote_category":0,"cybocfi_hide_featured_image":"","footnotes":"","beyondwords_generate_audio":"","beyondwords_integration_method":"","beyondwords_project_id":"","beyondwords_content_id":"","beyondwords_preview_token":"","beyondwords_player_content":"","beyondwords_player_style":"","beyondwords_language_code":"","beyondwords_language_id":"","beyondwords_title_voice_id":"","beyondwords_body_voice_id":"","beyondwords_summary_voice_id":"","beyondwords_error_message":"","beyondwords_disabled":"","beyondwords_delete_content":"","beyondwords_podcast_id":"","beyondwords_hash":"","publish_post_to_speechkit":"","speechkit_hash":"","speechkit_generate_audio":"","speechkit_project_id":"","speechkit_podcast_id":"","speechkit_error_message":"","speechkit_disabled":"","speechkit_access_key":"","speechkit_error":"","speechkit_info":"","speechkit_response":"","speechkit_retries":"","speechkit_status":"","speechkit_updated_at":"","_speechkit_link":"","_speechkit_text":""},"class_list":["post-2793","page","type-page","status-publish","hentry"],"aioseo_notices":[],"_links":{"self":[{"href":"https:\/\/mangolacplp.pt\/index.php?rest_route=\/wp\/v2\/pages\/2793","targetHints":{"allow":["GET"]}}],"collection":[{"href":"https:\/\/mangolacplp.pt\/index.php?rest_route=\/wp\/v2\/pages"}],"about":[{"href":"https:\/\/mangolacplp.pt\/index.php?rest_route=\/wp\/v2\/types\/page"}],"author":[{"embeddable":true,"href":"https:\/\/mangolacplp.pt\/index.php?rest_route=\/wp\/v2\/users\/2"}],"replies":[{"embeddable":true,"href":"https:\/\/mangolacplp.pt\/index.php?rest_route=%2Fwp%2Fv2%2Fcomments&post=2793"}],"version-history":[{"count":0,"href":"https:\/\/mangolacplp.pt\/index.php?rest_route=\/wp\/v2\/pages\/2793\/revisions"}],"wp:attachment":[{"href":"https:\/\/mangolacplp.pt\/index.php?rest_route=%2Fwp%2Fv2%2Fmedia&parent=2793"}],"curies":[{"name":"wp","href":"https:\/\/api.w.org\/{rel}","templated":true}]}}