{"id":2795,"date":"2022-11-05T01:17:58","date_gmt":"2022-11-05T01:17:58","guid":{"rendered":"https:\/\/mangolacplp.pt\/?page_id=2795"},"modified":"2022-11-18T20:32:38","modified_gmt":"2022-11-18T20:32:38","slug":"simbolos","status":"publish","type":"page","link":"https:\/\/mangolacplp.pt\/?page_id=2795","title":{"rendered":"S\u00edmbolos"},"content":{"rendered":"\t\t<div data-elementor-type=\"wp-page\" data-elementor-id=\"2795\" class=\"elementor elementor-2795\">\n\t\t\t\t\t\t<section class=\"elementor-section elementor-top-section elementor-element elementor-element-b1fc339 elementor-section-boxed elementor-section-height-default elementor-section-height-default\" data-id=\"b1fc339\" data-element_type=\"section\" data-e-type=\"section\">\n\t\t\t\t\t\t<div class=\"elementor-container elementor-column-gap-default\">\n\t\t\t\t\t<div class=\"elementor-column elementor-col-100 elementor-top-column elementor-element elementor-element-c190700\" data-id=\"c190700\" data-element_type=\"column\" data-e-type=\"column\">\n\t\t\t<div class=\"elementor-widget-wrap elementor-element-populated\">\n\t\t\t\t\t\t<div class=\"elementor-element elementor-element-cc5e458 elementor-arrows-position-inside elementor-pagination-position-outside elementor-widget elementor-widget-image-carousel\" data-id=\"cc5e458\" data-element_type=\"widget\" data-e-type=\"widget\" data-settings=\"{&quot;slides_to_show&quot;:&quot;2&quot;,&quot;navigation&quot;:&quot;both&quot;,&quot;autoplay&quot;:&quot;yes&quot;,&quot;pause_on_hover&quot;:&quot;yes&quot;,&quot;pause_on_interaction&quot;:&quot;yes&quot;,&quot;autoplay_speed&quot;:5000,&quot;infinite&quot;:&quot;yes&quot;,&quot;speed&quot;:500}\" data-widget_type=\"image-carousel.default\">\n\t\t\t\t<div class=\"elementor-widget-container\">\n\t\t\t\t\t\t\t<div class=\"elementor-image-carousel-wrapper swiper\" role=\"region\" aria-roledescription=\"carousel\" aria-label=\"Image Carousel\" dir=\"ltr\">\n\t\t\t<div class=\"elementor-image-carousel swiper-wrapper\" aria-live=\"off\">\n\t\t\t\t\t\t\t\t<div class=\"swiper-slide\" role=\"group\" aria-roledescription=\"slide\" aria-label=\"1 of 13\"><figure class=\"swiper-slide-inner\"><img decoding=\"async\" class=\"swiper-slide-image\" src=\"https:\/\/mangolacplp.pt\/wp-content\/uploads\/2022\/10\/1-1024x1024-1-768x768.jpeg\" alt=\"1-1024x1024\" \/><\/figure><\/div><div class=\"swiper-slide\" role=\"group\" aria-roledescription=\"slide\" aria-label=\"2 of 13\"><figure class=\"swiper-slide-inner\"><img decoding=\"async\" class=\"swiper-slide-image\" src=\"https:\/\/mangolacplp.pt\/wp-content\/uploads\/2022\/10\/3-1024x1024-1-768x768.jpeg\" alt=\"3-1024x1024\" \/><\/figure><\/div><div class=\"swiper-slide\" role=\"group\" aria-roledescription=\"slide\" aria-label=\"3 of 13\"><figure class=\"swiper-slide-inner\"><img decoding=\"async\" class=\"swiper-slide-image\" src=\"https:\/\/mangolacplp.pt\/wp-content\/uploads\/2022\/10\/2-1024x1024-1-768x768.jpeg\" alt=\"2-1024x1024\" \/><\/figure><\/div><div class=\"swiper-slide\" role=\"group\" aria-roledescription=\"slide\" aria-label=\"4 of 13\"><figure class=\"swiper-slide-inner\"><img decoding=\"async\" class=\"swiper-slide-image\" src=\"https:\/\/mangolacplp.pt\/wp-content\/uploads\/2022\/10\/4-1024x1024-1-768x768.jpeg\" alt=\"4-1024x1024\" \/><\/figure><\/div><div class=\"swiper-slide\" role=\"group\" aria-roledescription=\"slide\" aria-label=\"5 of 13\"><figure class=\"swiper-slide-inner\"><img decoding=\"async\" class=\"swiper-slide-image\" src=\"https:\/\/mangolacplp.pt\/wp-content\/uploads\/2022\/10\/5-1024x1024-1-768x768.jpeg\" alt=\"5-1024x1024\" \/><\/figure><\/div><div class=\"swiper-slide\" role=\"group\" aria-roledescription=\"slide\" aria-label=\"6 of 13\"><figure class=\"swiper-slide-inner\"><img decoding=\"async\" class=\"swiper-slide-image\" src=\"https:\/\/mangolacplp.pt\/wp-content\/uploads\/2022\/10\/6-1024x1024-1-768x768.jpeg\" alt=\"6-1024x1024\" \/><\/figure><\/div><div class=\"swiper-slide\" role=\"group\" aria-roledescription=\"slide\" aria-label=\"7 of 13\"><figure class=\"swiper-slide-inner\"><img decoding=\"async\" class=\"swiper-slide-image\" src=\"https:\/\/mangolacplp.pt\/wp-content\/uploads\/2022\/10\/7-1024x1024-1-768x768.jpeg\" alt=\"7-1024x1024\" \/><\/figure><\/div><div class=\"swiper-slide\" role=\"group\" aria-roledescription=\"slide\" aria-label=\"8 of 13\"><figure class=\"swiper-slide-inner\"><img decoding=\"async\" class=\"swiper-slide-image\" src=\"https:\/\/mangolacplp.pt\/wp-content\/uploads\/2022\/10\/8-1024x1024-1-768x768.jpeg\" alt=\"8-1024x1024\" \/><\/figure><\/div><div class=\"swiper-slide\" role=\"group\" aria-roledescription=\"slide\" aria-label=\"9 of 13\"><figure class=\"swiper-slide-inner\"><img decoding=\"async\" class=\"swiper-slide-image\" src=\"https:\/\/mangolacplp.pt\/wp-content\/uploads\/2022\/10\/9-1024x1024-1-768x768.jpeg\" alt=\"9-1024x1024\" \/><\/figure><\/div><div class=\"swiper-slide\" role=\"group\" aria-roledescription=\"slide\" aria-label=\"10 of 13\"><figure class=\"swiper-slide-inner\"><img decoding=\"async\" class=\"swiper-slide-image\" src=\"https:\/\/mangolacplp.pt\/wp-content\/uploads\/2022\/10\/11-1024x1024-1-768x768.jpeg\" alt=\"11-1024x1024\" \/><\/figure><\/div><div class=\"swiper-slide\" role=\"group\" aria-roledescription=\"slide\" aria-label=\"11 of 13\"><figure class=\"swiper-slide-inner\"><img decoding=\"async\" class=\"swiper-slide-image\" src=\"https:\/\/mangolacplp.pt\/wp-content\/uploads\/2022\/10\/12-1024x1024-1-768x768.jpeg\" alt=\"12-1024x1024\" \/><\/figure><\/div><div class=\"swiper-slide\" role=\"group\" aria-roledescription=\"slide\" aria-label=\"12 of 13\"><figure class=\"swiper-slide-inner\"><img decoding=\"async\" class=\"swiper-slide-image\" src=\"https:\/\/mangolacplp.pt\/wp-content\/uploads\/2022\/10\/14-1024x1024-1-768x768.jpeg\" alt=\"14-1024x1024\" \/><\/figure><\/div><div class=\"swiper-slide\" role=\"group\" aria-roledescription=\"slide\" aria-label=\"13 of 13\"><figure class=\"swiper-slide-inner\"><img decoding=\"async\" class=\"swiper-slide-image\" src=\"https:\/\/mangolacplp.pt\/wp-content\/uploads\/2022\/10\/13-1024x1024-1-768x768.jpeg\" alt=\"13-1024x1024\" \/><\/figure><\/div>\t\t\t<\/div>\n\t\t\t\t\t\t\t\t\t\t\t\t<div class=\"elementor-swiper-button elementor-swiper-button-prev\" role=\"button\" tabindex=\"0\">\n\t\t\t\t\t\t<i aria-hidden=\"true\" class=\"eicon-chevron-left\"><\/i>\t\t\t\t\t<\/div>\n\t\t\t\t\t<div class=\"elementor-swiper-button elementor-swiper-button-next\" role=\"button\" tabindex=\"0\">\n\t\t\t\t\t\t<i aria-hidden=\"true\" class=\"eicon-chevron-right\"><\/i>\t\t\t\t\t<\/div>\n\t\t\t\t\n\t\t\t\t\t\t\t\t\t<div class=\"swiper-pagination\"><\/div>\n\t\t\t\t\t\t\t\t\t<\/div>\n\t\t\t\t\t\t<\/div>\n\t\t\t\t<\/div>\n\t\t\t\t\t<\/div>\n\t\t<\/div>\n\t\t\t\t\t<\/div>\n\t\t<\/section>\n\t\t\t\t<section class=\"elementor-section elementor-top-section elementor-element elementor-element-c4a7353 elementor-section-boxed elementor-section-height-default elementor-section-height-default\" data-id=\"c4a7353\" data-element_type=\"section\" data-e-type=\"section\">\n\t\t\t\t\t\t<div class=\"elementor-container elementor-column-gap-default\">\n\t\t\t\t\t<div class=\"elementor-column elementor-col-100 elementor-top-column elementor-element elementor-element-c399029\" data-id=\"c399029\" data-element_type=\"column\" data-e-type=\"column\">\n\t\t\t<div class=\"elementor-widget-wrap elementor-element-populated\">\n\t\t\t\t\t\t<div class=\"elementor-element elementor-element-0bda847 elementor-widget elementor-widget-heading\" data-id=\"0bda847\" data-element_type=\"widget\" data-e-type=\"widget\" data-widget_type=\"heading.default\">\n\t\t\t\t<div class=\"elementor-widget-container\">\n\t\t\t\t\t<h2 class=\"elementor-heading-title elementor-size-default\">Hino Nacional<\/h2>\t\t\t\t<\/div>\n\t\t\t\t<\/div>\n\t\t\t\t<div class=\"elementor-element elementor-element-fcc7e9b elementor-widget elementor-widget-video\" data-id=\"fcc7e9b\" data-element_type=\"widget\" data-e-type=\"widget\" data-settings=\"{&quot;youtube_url&quot;:&quot;https:\\\/\\\/www.youtube.com\\\/watch?v=KgppoKTseoE&quot;,&quot;video_type&quot;:&quot;youtube&quot;,&quot;controls&quot;:&quot;yes&quot;}\" data-widget_type=\"video.default\">\n\t\t\t\t<div class=\"elementor-widget-container\">\n\t\t\t\t\t\t\t<div class=\"elementor-wrapper elementor-open-inline\">\n\t\t\t<div class=\"elementor-video\"><\/div>\t\t<\/div>\n\t\t\t\t\t\t<\/div>\n\t\t\t\t<\/div>\n\t\t\t\t<section class=\"elementor-section elementor-inner-section elementor-element elementor-element-01110e3 elementor-section-boxed elementor-section-height-default elementor-section-height-default\" data-id=\"01110e3\" data-element_type=\"section\" data-e-type=\"section\">\n\t\t\t\t\t\t<div class=\"elementor-container elementor-column-gap-default\">\n\t\t\t\t\t<div class=\"elementor-column elementor-col-50 elementor-inner-column elementor-element elementor-element-6ae11e9\" data-id=\"6ae11e9\" data-element_type=\"column\" data-e-type=\"column\">\n\t\t\t<div class=\"elementor-widget-wrap elementor-element-populated\">\n\t\t\t\t\t\t<div class=\"elementor-element elementor-element-19cc980 elementor-widget elementor-widget-text-editor\" data-id=\"19cc980\" data-element_type=\"widget\" data-e-type=\"widget\" data-widget_type=\"text-editor.default\">\n\t\t\t\t<div class=\"elementor-widget-container\">\n\t\t\t\t\t\t\t\t\t<p style=\"margin-right: 0px; margin-bottom: 1.6em; margin-left: 0px; padding: 0px; color: rgb(68, 68, 68); font-family: Arial, sans-serif; font-size: 18px;\">\u00d3 P\u00e1tria, nunca mais esqueceremos<br>Os her\u00f3is do 4 de Fevereiro<br>\u00d3 P\u00e1tria, n\u00f3s saudamos os teus filhos<br>Tombados pela nossa independ\u00eancia<\/p><p style=\"margin-right: 0px; margin-bottom: 1.6em; margin-left: 0px; padding: 0px; color: rgb(68, 68, 68); font-family: Arial, sans-serif; font-size: 18px;\">Honramos o passado e a nossa hist\u00f3ria<br>Construindo no trabalho um homem novo<br>Honramos o passado e a nossa hist\u00f3ria<br>Construindo no trabalho um homem novo<\/p><p style=\"margin-right: 0px; margin-bottom: 1.6em; margin-left: 0px; padding: 0px; color: rgb(68, 68, 68); font-family: Arial, sans-serif; font-size: 18px;\">Angola, avante<br>Revolu\u00e7\u00e3o, pelo Poder Popular<br>P\u00e1tria unida, liberdade<br>Um s\u00f3 povo, uma s\u00f3 na\u00e7\u00e3o<\/p><p style=\"margin-right: 0px; margin-bottom: 1.6em; margin-left: 0px; padding: 0px; color: rgb(68, 68, 68); font-family: Arial, sans-serif; font-size: 18px;\">Angola, avante<br>Revolu\u00e7\u00e3o, pelo Poder Popular<br>P\u00e1tria unida, liberdade<br>Um s\u00f3 povo, uma s\u00f3 na\u00e7\u00e3o<\/p>\t\t\t\t\t\t\t\t<\/div>\n\t\t\t\t<\/div>\n\t\t\t\t\t<\/div>\n\t\t<\/div>\n\t\t\t\t<div class=\"elementor-column elementor-col-50 elementor-inner-column elementor-element elementor-element-8120f64\" data-id=\"8120f64\" data-element_type=\"column\" data-e-type=\"column\">\n\t\t\t<div class=\"elementor-widget-wrap elementor-element-populated\">\n\t\t\t\t\t\t<div class=\"elementor-element elementor-element-bfb0351 elementor-widget elementor-widget-text-editor\" data-id=\"bfb0351\" data-element_type=\"widget\" data-e-type=\"widget\" data-widget_type=\"text-editor.default\">\n\t\t\t\t<div class=\"elementor-widget-container\">\n\t\t\t\t\t\t\t\t\t<p style=\"margin-right: 0px; margin-bottom: 1.6em; margin-left: 0px; padding: 0px; color: #444444; font-family: Arial, sans-serif; font-size: 18px;\">Levantemos nossas vozes libertadas<br \/>Para gl\u00f3ria dos povos africanos<br \/>Marchemos, combatentes angolanos<br \/>Solid\u00e1rios com os povos oprimidos<\/p><p style=\"margin-right: 0px; margin-bottom: 1.6em; margin-left: 0px; padding: 0px; color: #444444; font-family: Arial, sans-serif; font-size: 18px;\">Orgulhosos lutaremos pela paz<br \/>Com as for\u00e7as progressistas do mundo<br \/>Orgulhosos lutaremos pela paz<br \/>Com as for\u00e7as progressistas do mundo<\/p><p style=\"margin-right: 0px; margin-bottom: 1.6em; margin-left: 0px; padding: 0px; color: #444444; font-family: Arial, sans-serif; font-size: 18px;\">Angola, avante<br \/>Revolu\u00e7\u00e3o, pelo Poder Popular<br \/>P\u00e1tria unida, liberdade<br \/>Um s\u00f3 povo, uma s\u00f3 na\u00e7\u00e3o<\/p><p style=\"margin-right: 0px; margin-bottom: 1.6em; margin-left: 0px; padding: 0px; color: #444444; font-family: Arial, sans-serif; font-size: 18px;\">Angola, avante<br \/>Revolu\u00e7\u00e3o, pelo Poder Popular<br \/>P\u00e1tria unida, liberdade<br \/>Um s\u00f3 povo, uma s\u00f3 na\u00e7\u00e3o<\/p>\t\t\t\t\t\t\t\t<\/div>\n\t\t\t\t<\/div>\n\t\t\t\t\t<\/div>\n\t\t<\/div>\n\t\t\t\t\t<\/div>\n\t\t<\/section>\n\t\t\t\t\t<\/div>\n\t\t<\/div>\n\t\t\t\t\t<\/div>\n\t\t<\/section>\n\t\t\t\t<\/div>\n\t\t","protected":false},"excerpt":{"rendered":"<p>Previous Next Hino Nacional https:\/\/www.youtube.com\/watch?v=KgppoKTseoE \u00d3 P\u00e1tria, nunca mais esqueceremosOs her\u00f3is do 4 de Fevereiro\u00d3 P\u00e1tria, n\u00f3s saudamos os teus filhosTombados pela nossa independ\u00eancia Honramos o passado e a nossa hist\u00f3riaConstruindo no trabalho um homem novoHonramos o passado e a nossa hist\u00f3riaConstruindo no trabalho um homem novo Angola, avanteRevolu\u00e7\u00e3o, pelo Poder PopularP\u00e1tria unida, liberdadeUm s\u00f3 [&hellip;]<\/p>\n","protected":false},"author":2,"featured_media":0,"parent":0,"menu_order":0,"comment_status":"closed","ping_status":"closed","template":"","meta":{"om_disable_all_campaigns":false,"_monsterinsights_skip_tracking":false,"_monsterinsights_sitenote_active":false,"_monsterinsights_sitenote_note":"","_monsterinsights_sitenote_category":0,"cybocfi_hide_featured_image":"","footnotes":"","beyondwords_generate_audio":"","beyondwords_integration_method":"","beyondwords_project_id":"","beyondwords_content_id":"","beyondwords_preview_token":"","beyondwords_player_content":"","beyondwords_player_style":"","beyondwords_language_code":"","beyondwords_language_id":"","beyondwords_title_voice_id":"","beyondwords_body_voice_id":"","beyondwords_summary_voice_id":"","beyondwords_error_message":"","beyondwords_disabled":"","beyondwords_delete_content":"","beyondwords_podcast_id":"","beyondwords_hash":"","publish_post_to_speechkit":"","speechkit_hash":"","speechkit_generate_audio":"","speechkit_project_id":"","speechkit_podcast_id":"","speechkit_error_message":"","speechkit_disabled":"","speechkit_access_key":"","speechkit_error":"","speechkit_info":"","speechkit_response":"","speechkit_retries":"","speechkit_status":"","speechkit_updated_at":"","_speechkit_link":"","_speechkit_text":""},"class_list":["post-2795","page","type-page","status-publish","hentry"],"aioseo_notices":[],"_links":{"self":[{"href":"https:\/\/mangolacplp.pt\/index.php?rest_route=\/wp\/v2\/pages\/2795","targetHints":{"allow":["GET"]}}],"collection":[{"href":"https:\/\/mangolacplp.pt\/index.php?rest_route=\/wp\/v2\/pages"}],"about":[{"href":"https:\/\/mangolacplp.pt\/index.php?rest_route=\/wp\/v2\/types\/page"}],"author":[{"embeddable":true,"href":"https:\/\/mangolacplp.pt\/index.php?rest_route=\/wp\/v2\/users\/2"}],"replies":[{"embeddable":true,"href":"https:\/\/mangolacplp.pt\/index.php?rest_route=%2Fwp%2Fv2%2Fcomments&post=2795"}],"version-history":[{"count":0,"href":"https:\/\/mangolacplp.pt\/index.php?rest_route=\/wp\/v2\/pages\/2795\/revisions"}],"wp:attachment":[{"href":"https:\/\/mangolacplp.pt\/index.php?rest_route=%2Fwp%2Fv2%2Fmedia&parent=2795"}],"curies":[{"name":"wp","href":"https:\/\/api.w.org\/{rel}","templated":true}]}}