{"id":2803,"date":"2022-11-05T01:19:28","date_gmt":"2022-11-05T01:19:28","guid":{"rendered":"https:\/\/mangolacplp.pt\/?page_id=2803"},"modified":"2022-11-26T17:37:56","modified_gmt":"2022-11-26T17:37:56","slug":"cultura-e-linguas","status":"publish","type":"page","link":"https:\/\/mangolacplp.pt\/?page_id=2803","title":{"rendered":"Cultura e L\u00ednguas"},"content":{"rendered":"<div class=\"wp-block-image\">\n<figure class=\"alignright size-full is-resized\"><img fetchpriority=\"high\" decoding=\"async\" src=\"https:\/\/mangolacplp.pt\/wp-content\/uploads\/2022\/10\/Cultura-Angolana-1.jpg\" alt=\"\" class=\"wp-image-2176\" width=\"354\" height=\"249\" srcset=\"https:\/\/mangolacplp.pt\/wp-content\/uploads\/2022\/10\/Cultura-Angolana-1.jpg 472w, https:\/\/mangolacplp.pt\/wp-content\/uploads\/2022\/10\/Cultura-Angolana-1-300x211.jpg 300w\" sizes=\"(max-width: 354px) 100vw, 354px\" \/><\/figure>\n<\/div>\n\n\n<p>A\u00a0cultura angolana\u00a0\u00e9 por um lado tribut\u00e1ria das etnias que se constitu\u00edram no pa\u00eds h\u00e1 s\u00e9culos, principalmente os\u00a0ovimbundos,\u00a0ambundos,\u00a0congos,\u00a0tch\u00f3cues\u00a0e\u00a0ovambo. Por outro lado, Portugal esteve presente na regi\u00e3o de Luanda e mais tarde tamb\u00e9m em Benguela a partir do s\u00e9culo XVI, ocupando o territ\u00f3rio correspondente \u00e0 Angola de hoje durante o\u00a0s\u00e9culo XIX\u00a0e mantendo o controle da regi\u00e3o at\u00e9 1975. Esta presen\u00e7a redundou em fortes influ\u00eancias culturais, a come\u00e7ar pela introdu\u00e7\u00e3o da\u00a0l\u00edngua portuguesa\u00a0e do\u00a0cristianismo. Esta influ\u00eancia nota-se particularmente nas cidades onde hoje vive mais de metade da popula\u00e7\u00e3o. No lento processo de forma\u00e7\u00e3o uma sociedade abrangente e coesa em Angola, que continua at\u00e9 hoje, regista-se por tudo isto &#8220;ingredientes&#8221; culturais muito diversos, em constela\u00e7\u00f5es que variam de regi\u00e3o para regi\u00e3o.<\/p>\n\n\n\n<h2 class=\"wp-block-heading\">L\u00ednguas<\/h2>\n\n\n\n<p>O&nbsp;portugu\u00eas&nbsp;\u00e9 a&nbsp;l\u00edngua oficial&nbsp;de Angola, mas existe as l\u00ednguas nacionais mais faladas pelas respectivas etnias angolanas e com dialectos correspondentes aos subgrupos \u00e9tnicos s\u00e3o: <\/p>\n\n\n<div class=\"wp-block-image\">\n<figure class=\"alignright size-full is-resized\"><img decoding=\"async\" src=\"https:\/\/mangolacplp.pt\/wp-content\/uploads\/2022\/10\/angola-prov-2.gif\" alt=\"\" class=\"wp-image-2297\" width=\"274\" height=\"224\"\/><\/figure>\n<\/div>\n\n\n<ul class=\"wp-block-list\">\n<li>Umbundo (dialectos mais falado);<\/li>\n\n\n\n<li>Quimbundo;<\/li>\n\n\n\n<li>Kikongo;<\/li>\n\n\n\n<li>Fiote;<\/li>\n\n\n\n<li>Tchokwe;<\/li>\n\n\n\n<li>Ovimbundo;<\/li>\n\n\n\n<li>Kwanyama;<\/li>\n\n\n\n<li>Nhaneca;<\/li>\n<\/ul>\n","protected":false},"excerpt":{"rendered":"<p>A\u00a0cultura angolana\u00a0\u00e9 por um lado tribut\u00e1ria das etnias que se constitu\u00edram no pa\u00eds h\u00e1 s\u00e9culos, principalmente os\u00a0ovimbundos,\u00a0ambundos,\u00a0congos,\u00a0tch\u00f3cues\u00a0e\u00a0ovambo. Por outro lado, Portugal esteve presente na regi\u00e3o de Luanda e mais tarde tamb\u00e9m em Benguela a partir do s\u00e9culo XVI, ocupando o territ\u00f3rio correspondente \u00e0 Angola de hoje durante o\u00a0s\u00e9culo XIX\u00a0e mantendo o controle da regi\u00e3o at\u00e9 [&hellip;]<\/p>\n","protected":false},"author":2,"featured_media":0,"parent":0,"menu_order":0,"comment_status":"closed","ping_status":"closed","template":"","meta":{"om_disable_all_campaigns":false,"_monsterinsights_skip_tracking":false,"_monsterinsights_sitenote_active":false,"_monsterinsights_sitenote_note":"","_monsterinsights_sitenote_category":0,"cybocfi_hide_featured_image":"","footnotes":"","beyondwords_generate_audio":"","beyondwords_integration_method":"","beyondwords_project_id":"","beyondwords_content_id":"","beyondwords_preview_token":"","beyondwords_player_content":"","beyondwords_player_style":"","beyondwords_language_code":"","beyondwords_language_id":"","beyondwords_title_voice_id":"","beyondwords_body_voice_id":"","beyondwords_summary_voice_id":"","beyondwords_error_message":"","beyondwords_disabled":"","beyondwords_delete_content":"","beyondwords_podcast_id":"","beyondwords_hash":"","publish_post_to_speechkit":"","speechkit_hash":"","speechkit_generate_audio":"","speechkit_project_id":"","speechkit_podcast_id":"","speechkit_error_message":"","speechkit_disabled":"","speechkit_access_key":"","speechkit_error":"","speechkit_info":"","speechkit_response":"","speechkit_retries":"","speechkit_status":"","speechkit_updated_at":"","_speechkit_link":"","_speechkit_text":""},"class_list":["post-2803","page","type-page","status-publish","hentry"],"aioseo_notices":[],"_links":{"self":[{"href":"https:\/\/mangolacplp.pt\/index.php?rest_route=\/wp\/v2\/pages\/2803","targetHints":{"allow":["GET"]}}],"collection":[{"href":"https:\/\/mangolacplp.pt\/index.php?rest_route=\/wp\/v2\/pages"}],"about":[{"href":"https:\/\/mangolacplp.pt\/index.php?rest_route=\/wp\/v2\/types\/page"}],"author":[{"embeddable":true,"href":"https:\/\/mangolacplp.pt\/index.php?rest_route=\/wp\/v2\/users\/2"}],"replies":[{"embeddable":true,"href":"https:\/\/mangolacplp.pt\/index.php?rest_route=%2Fwp%2Fv2%2Fcomments&post=2803"}],"version-history":[{"count":0,"href":"https:\/\/mangolacplp.pt\/index.php?rest_route=\/wp\/v2\/pages\/2803\/revisions"}],"wp:attachment":[{"href":"https:\/\/mangolacplp.pt\/index.php?rest_route=%2Fwp%2Fv2%2Fmedia&parent=2803"}],"curies":[{"name":"wp","href":"https:\/\/api.w.org\/{rel}","templated":true}]}}