{"id":2937,"date":"2022-11-26T17:59:14","date_gmt":"2022-11-26T17:59:14","guid":{"rendered":"https:\/\/mangolacplp.pt\/?page_id=2937"},"modified":"2022-11-26T17:59:15","modified_gmt":"2022-11-26T17:59:15","slug":"religiao","status":"publish","type":"page","link":"https:\/\/mangolacplp.pt\/?page_id=2937","title":{"rendered":"Religi\u00e3o"},"content":{"rendered":"\n<div class=\"wp-block-media-text alignwide has-media-on-the-right is-stacked-on-mobile\"><div class=\"wp-block-media-text__content\">\n<p>Em Angola existem actualmente cerca de 1.000 religi\u00f5es organizadas em igrejas ou formas an\u00e1logas. Dados fi\u00e1veis quanto aos n\u00fameros dos fi\u00e9is n\u00e3o existem, mas a grande maioria dos angolanos adere a uma religi\u00e3o crist\u00e3 ou inspirada pelo cristianismo.\u00a0Cerca da metade da popula\u00e7\u00e3o est\u00e1 ligada \u00e0\u00a0Igreja Cat\u00f3lica, cerca da quarta parte a uma das igrejas\u00a0Protestantes\u00a0introduzidas durante o per\u00edodo colonial: as\u00a0Baptistas, enraizadas principalmente entre os congos, as\u00a0Metodistas, concentradas na \u00e1rea dos\u00a0Ambundos, e as\u00a0Congregacionais, implantadas entre os\u00a0Ovimbundos, para al\u00e9m de comunidades mais reduzidas de Protestantes\u00a0Reformados\u00a0e Luteranos. A estes h\u00e1 de acrescentar os\u00a0Adventistas, os\u00a0Neo-Apost\u00f3licos\u00a0e um grande n\u00famero de igrejas\u00a0Pentecostais, algumas das quais com forte influ\u00eancia brasileira. H\u00e1, finalmente, duas igrejas do tipo sincr\u00e9tico, os Kimbanguistas com origem no Congo-Quinxassa,\u00a0e os Tocoistas que se constitu\u00edram em Angola. \u00c9 significativa, mas n\u00e3o pass\u00edvel de quantifica\u00e7\u00e3o, a propor\u00e7\u00e3o de\u00a0pessoas sem religi\u00e3o.<\/p>\n<\/div><figure class=\"wp-block-media-text__media\"><img fetchpriority=\"high\" decoding=\"async\" width=\"470\" height=\"345\" src=\"https:\/\/mangolacplp.pt\/wp-content\/uploads\/2022\/11\/Santuario-da-Muxima.jpg\" alt=\"\" class=\"wp-image-2938 size-full\" srcset=\"https:\/\/mangolacplp.pt\/wp-content\/uploads\/2022\/11\/Santuario-da-Muxima.jpg 470w, https:\/\/mangolacplp.pt\/wp-content\/uploads\/2022\/11\/Santuario-da-Muxima-300x220.jpg 300w\" sizes=\"(max-width: 470px) 100vw, 470px\" \/><\/figure><\/div>\n","protected":false},"excerpt":{"rendered":"<p>Em Angola existem actualmente cerca de 1.000 religi\u00f5es organizadas em igrejas ou formas an\u00e1logas. Dados fi\u00e1veis quanto aos n\u00fameros dos fi\u00e9is n\u00e3o existem, mas a grande maioria dos angolanos adere a uma religi\u00e3o crist\u00e3 ou inspirada pelo cristianismo.\u00a0Cerca da metade da popula\u00e7\u00e3o est\u00e1 ligada \u00e0\u00a0Igreja Cat\u00f3lica, cerca da quarta parte a uma das igrejas\u00a0Protestantes\u00a0introduzidas durante [&hellip;]<\/p>\n","protected":false},"author":2,"featured_media":0,"parent":0,"menu_order":0,"comment_status":"closed","ping_status":"closed","template":"","meta":{"om_disable_all_campaigns":false,"_monsterinsights_skip_tracking":false,"_monsterinsights_sitenote_active":false,"_monsterinsights_sitenote_note":"","_monsterinsights_sitenote_category":0,"cybocfi_hide_featured_image":"","footnotes":"","beyondwords_generate_audio":"","beyondwords_integration_method":"","beyondwords_project_id":"","beyondwords_content_id":"","beyondwords_preview_token":"","beyondwords_player_content":"","beyondwords_player_style":"","beyondwords_language_code":"","beyondwords_language_id":"","beyondwords_title_voice_id":"","beyondwords_body_voice_id":"","beyondwords_summary_voice_id":"","beyondwords_error_message":"","beyondwords_disabled":"","beyondwords_delete_content":"","beyondwords_podcast_id":"","beyondwords_hash":"","publish_post_to_speechkit":"","speechkit_hash":"","speechkit_generate_audio":"","speechkit_project_id":"","speechkit_podcast_id":"","speechkit_error_message":"","speechkit_disabled":"","speechkit_access_key":"","speechkit_error":"","speechkit_info":"","speechkit_response":"","speechkit_retries":"","speechkit_status":"","speechkit_updated_at":"","_speechkit_link":"","_speechkit_text":""},"class_list":["post-2937","page","type-page","status-publish","hentry"],"aioseo_notices":[],"_links":{"self":[{"href":"https:\/\/mangolacplp.pt\/index.php?rest_route=\/wp\/v2\/pages\/2937","targetHints":{"allow":["GET"]}}],"collection":[{"href":"https:\/\/mangolacplp.pt\/index.php?rest_route=\/wp\/v2\/pages"}],"about":[{"href":"https:\/\/mangolacplp.pt\/index.php?rest_route=\/wp\/v2\/types\/page"}],"author":[{"embeddable":true,"href":"https:\/\/mangolacplp.pt\/index.php?rest_route=\/wp\/v2\/users\/2"}],"replies":[{"embeddable":true,"href":"https:\/\/mangolacplp.pt\/index.php?rest_route=%2Fwp%2Fv2%2Fcomments&post=2937"}],"version-history":[{"count":0,"href":"https:\/\/mangolacplp.pt\/index.php?rest_route=\/wp\/v2\/pages\/2937\/revisions"}],"wp:attachment":[{"href":"https:\/\/mangolacplp.pt\/index.php?rest_route=%2Fwp%2Fv2%2Fmedia&parent=2937"}],"curies":[{"name":"wp","href":"https:\/\/api.w.org\/{rel}","templated":true}]}}