{"id":35,"date":"2021-12-20T12:10:58","date_gmt":"2021-12-20T12:10:58","guid":{"rendered":"http:\/\/localhost\/embaixada1\/?page_id=35"},"modified":"2022-11-26T18:00:27","modified_gmt":"2022-11-26T18:00:27","slug":"geografia","status":"publish","type":"page","link":"https:\/\/mangolacplp.pt\/?page_id=35","title":{"rendered":"Geografia"},"content":{"rendered":"<div class=\"wp-block-image\">\n<figure class=\"alignright size-full\"><img fetchpriority=\"high\" decoding=\"async\" width=\"359\" height=\"269\" src=\"https:\/\/mangolacplp.pt\/wp-content\/uploads\/2022\/10\/angolamapguide22-1.png\" alt=\"\" class=\"wp-image-2298\" srcset=\"https:\/\/mangolacplp.pt\/wp-content\/uploads\/2022\/10\/angolamapguide22-1.png 359w, https:\/\/mangolacplp.pt\/wp-content\/uploads\/2022\/10\/angolamapguide22-1-300x225.png 300w\" sizes=\"(max-width: 359px) 100vw, 359px\" \/><\/figure>\n<\/div>\n\n\n<p>Angola situa-se na costa atl\u00e2ntica Sul da&nbsp;\u00c1frica&nbsp;Ocidental, entre a&nbsp;Nam\u00edbia&nbsp;e a&nbsp;Rep\u00fablica do Congo. Tamb\u00e9m faz fronteira com a&nbsp;Rep\u00fablica Democr\u00e1tica do Congo&nbsp;e a&nbsp;Z\u00e2mbia, a oriente. O pa\u00eds est\u00e1 dividido entre uma faixa costeira \u00e1rida, que se estende desde a Nam\u00edbia chegando praticamente at\u00e9&nbsp;Luanda, um planalto interior h\u00famido, uma&nbsp;savana&nbsp;seca no interior sul e sudeste, e floresta tropical no norte e em&nbsp;Cabinda.<\/p>\n\n\n\n<h2 class=\"wp-block-heading\" id=\"clima\">Clima<\/h2>\n\n\n\n<p>O Clima em Angola tem duas esta\u00e7\u00f5es: a das chuvas, per\u00edodo mais quente que ocorre entre os meses de Setembro a Maio, e a do Cacimbo. A do Cacimbo ou Seca \u00e9 menos quente e vai de Maio a Setembro.<\/p>\n\n\n\n<p>O pa\u00eds possui uma situa\u00e7\u00e3o geogr\u00e1fica peculiar, por estar na zona inter-tropical e sub-tropical do hemisf\u00e9rio Sul, ser pr\u00f3ximo ao mar, e pelas especificidades do seu relevo, divide-se em duas regi\u00f5es clim\u00e1ticas distintas:<\/p>\n\n\n\n<p>\u2022 A Regi\u00e3o Litoral &#8211; com humidade relativa m\u00e9dia anual de 30% e temperatura m\u00e9dia superior aos 23\u00b0C;<\/p>\n\n\n\n<p>\u2022 A Regi\u00e3o do Interior, sub-dividida em Zona Norte, com elevadas quedas pluviom\u00e9tricas e temperaturas altas , zona de Altitude que abrange as regi\u00f5es plan\u00e1lticas centrais com uma esta\u00e7\u00e3o Seca de temperaturas baixas e a Zona Sudoeste, semi-\u00e1rida em conseq\u00fc\u00eancia da proximidade do deserto do Namibe, extens\u00e3o do deserto do Kalahari, sujeita a grandes massas de ar tropical continental.<\/p>\n\n\n\n<p>As Temperaturas M\u00e9dias do pa\u00eds s\u00e3o: 27\u00b0C m\u00e1xima e 17\u00b0C m\u00ednima<\/p>\n\n\n\n<p>A esta diversidade clim\u00e1tica corresponde um potencial tur\u00edstico representado por um patrim\u00f3nio natural riqu\u00edssimo em flora e fauna diversificada, possibilitando a pr\u00e1tica de todo tipo de actividades de lazer, hobbies e aventuras.<\/p>\n\n\n\n<h2 class=\"wp-block-heading\"><strong>A Flora<\/strong><\/h2>\n\n\n\n<div class=\"wp-block-media-text alignwide is-stacked-on-mobile\"><figure class=\"wp-block-media-text__media\"><img decoding=\"async\" width=\"1024\" height=\"683\" src=\"https:\/\/mangolacplp.pt\/wp-content\/uploads\/2022\/10\/Welwitschia-mirabilis-1024x683.jpg\" alt=\"\" class=\"wp-image-2324 size-full\" srcset=\"https:\/\/mangolacplp.pt\/wp-content\/uploads\/2022\/10\/Welwitschia-mirabilis-1024x683.jpg 1024w, https:\/\/mangolacplp.pt\/wp-content\/uploads\/2022\/10\/Welwitschia-mirabilis-300x200.jpg 300w, https:\/\/mangolacplp.pt\/wp-content\/uploads\/2022\/10\/Welwitschia-mirabilis-768x512.jpg 768w, https:\/\/mangolacplp.pt\/wp-content\/uploads\/2022\/10\/Welwitschia-mirabilis-1536x1024.jpg 1536w, https:\/\/mangolacplp.pt\/wp-content\/uploads\/2022\/10\/Welwitschia-mirabilis.jpg 1620w\" sizes=\"(max-width: 1024px) 100vw, 1024px\" \/><\/figure><div class=\"wp-block-media-text__content\">\n<p>Angola apresenta cinco tipos de zonas naturais, a floresta h\u00famida e densa como a de Maiombe que cont\u00e9m as mais rar\u00edssimas madeiras do mundo, as Savanas, normalmente associadas \u00e0s matas como \u00e9 o caso das Lundas, as Savanas secas com \u00e1rvores ou arbustos, em Luanda, baixa de Kassanje e certas \u00e1reas das Lundas.<\/p>\n\n\n\n<p>Existem ainda zonas de Estepe ao longo de uma faixa que tem o in\u00edcio a sul do Sumbe e, por fim, a des\u00e9rtica que ocupa uma estreita faixa costeira no extremo sul do pa\u00eds, onde podemos encontrar no deserto do Namibe uma esp\u00e9cie \u00fanica e end\u00eamica no mundo que tanto caracteriza este pa\u00eds a &#8220;Welwitchia Mirabilis\u201d.<\/p>\n<\/div><\/div>\n\n\n\n<h2 class=\"wp-block-heading\"><strong>A Fauna<\/strong><\/h2>\n\n\n\n<div class=\"wp-block-media-text alignwide is-stacked-on-mobile\"><figure class=\"wp-block-media-text__media\"><img decoding=\"async\" width=\"650\" height=\"488\" src=\"https:\/\/mangolacplp.pt\/wp-content\/uploads\/2022\/11\/Palanca-negra-Gigante.jpg\" alt=\"\" class=\"wp-image-2920 size-full\" srcset=\"https:\/\/mangolacplp.pt\/wp-content\/uploads\/2022\/11\/Palanca-negra-Gigante.jpg 650w, https:\/\/mangolacplp.pt\/wp-content\/uploads\/2022\/11\/Palanca-negra-Gigante-300x225.jpg 300w\" sizes=\"(max-width: 650px) 100vw, 650px\" \/><\/figure><div class=\"wp-block-media-text__content\">\n<p>Em Angola conhecem-se in\u00fameras esp\u00e9cies espalhadas por v\u00e1rias regi\u00f5es. Na floresta do Maiombe habitam Gorilas, Chimpanz\u00e9s e Papagaios, nas zonas naturais mais h\u00famidas do norte, centro, centro e leste, podemos observar o Golungo, a Palanca Negra-Gigante, uma esp\u00e9cie end\u00eamica no mundo e em vias de extin\u00e7\u00e3o, a Seixa, e os Elefantes. J\u00e1 nas regi\u00f5es mais secas aparecem a Cabra de Leque, o Guelengue do deserto ou Orix, o Gnu, a Impala, a Chita, o B\u00fafalo, tamb\u00e9m o Elefante, a Zebra e a Girafa. Animais mais ou menos comuns a todo o territ\u00f3rio s\u00e3o a Hiena, a Palanca Vermelha, o Le\u00e3o, o Leopardo e o Hipop\u00f3tamo.<\/p>\n\n\n\n<p>Na fauna mar\u00edtima existem igualmente uma enorme variedade de peixes e de mariscos que se encontram tamb\u00e9m nos rios e que, a par destes, podemos ver tamb\u00e9m Crocodilos e Jacar\u00e9s.<\/p>\n<\/div><\/div>\n\n\n\n<h2 class=\"wp-block-heading\"><strong>Os Principais Rios<\/strong><\/h2>\n\n\n\n<div class=\"wp-block-media-text alignwide is-stacked-on-mobile\"><figure class=\"wp-block-media-text__media\"><img loading=\"lazy\" decoding=\"async\" width=\"1024\" height=\"768\" src=\"https:\/\/mangolacplp.pt\/wp-content\/uploads\/2022\/11\/Rio-Kwanza.jpg\" alt=\"\" class=\"wp-image-2922 size-full\" srcset=\"https:\/\/mangolacplp.pt\/wp-content\/uploads\/2022\/11\/Rio-Kwanza.jpg 1024w, https:\/\/mangolacplp.pt\/wp-content\/uploads\/2022\/11\/Rio-Kwanza-300x225.jpg 300w, https:\/\/mangolacplp.pt\/wp-content\/uploads\/2022\/11\/Rio-Kwanza-768x576.jpg 768w\" sizes=\"(max-width: 1024px) 100vw, 1024px\" \/><\/figure><div class=\"wp-block-media-text__content\">\n<p>O principal rio de Angola \u00e9 o Kwanza, que d\u00e1 o nome a moeda nacional com 1000 Km de longitude, mas apenas 240 Km s\u00e3o naveg\u00e1veis. De seguida, o Kubango com 975 Km, depois o Cunene com 800 Km e por fim, na lista dos quatro principais do pa\u00eds, o Zaire com 150 Km de longitude, sendo este \u00faltimo, todo ele naveg\u00e1vel.<\/p>\n\n\n\n<p>Os rios angolanos oferecem oportunidades para a implementa\u00e7\u00e3o de neg\u00f3cios de interesse tur\u00edstico ou mistos do tipo com\u00e9rcio-turismo ou ainda a pr\u00e1tica do eco-turismo<\/p>\n<\/div><\/div>\n\n\n\n<h2 class=\"wp-block-heading\"><strong>Recursos Minerais<\/strong><\/h2>\n\n\n\n<div class=\"wp-block-media-text alignwide is-stacked-on-mobile\"><figure class=\"wp-block-media-text__media\"><img loading=\"lazy\" decoding=\"async\" width=\"600\" height=\"320\" src=\"https:\/\/mangolacplp.pt\/wp-content\/uploads\/2022\/11\/Ouro-em-angola.jpg\" alt=\"\" class=\"wp-image-2925 size-full\" srcset=\"https:\/\/mangolacplp.pt\/wp-content\/uploads\/2022\/11\/Ouro-em-angola.jpg 600w, https:\/\/mangolacplp.pt\/wp-content\/uploads\/2022\/11\/Ouro-em-angola-300x160.jpg 300w\" sizes=\"(max-width: 600px) 100vw, 600px\" \/><\/figure><div class=\"wp-block-media-text__content\">\n<p>Angola \u00e9 um pa\u00eds potencialmente rico em recursos minerais. Estima-se que o seu sub-solo albergue 35 dos 45 mais importantes do com\u00e9rcio mundial entre os quais se destacam o petr\u00f3leo, g\u00e1s natural, diamantes, fosfatos, subst\u00e2ncias betuminosas, ferro, cobre, magn\u00e9sio, ouro e rochas ornamentais, etc.<\/p>\n<\/div><\/div>\n","protected":false},"excerpt":{"rendered":"<p>Angola situa-se na costa atl\u00e2ntica Sul da&nbsp;\u00c1frica&nbsp;Ocidental, entre a&nbsp;Nam\u00edbia&nbsp;e a&nbsp;Rep\u00fablica do Congo. Tamb\u00e9m faz fronteira com a&nbsp;Rep\u00fablica Democr\u00e1tica do Congo&nbsp;e a&nbsp;Z\u00e2mbia, a oriente. O pa\u00eds est\u00e1 dividido entre uma faixa costeira \u00e1rida, que se estende desde a Nam\u00edbia chegando praticamente at\u00e9&nbsp;Luanda, um planalto interior h\u00famido, uma&nbsp;savana&nbsp;seca no interior sul e sudeste, e floresta tropical no [&hellip;]<\/p>\n","protected":false},"author":1,"featured_media":0,"parent":0,"menu_order":5,"comment_status":"closed","ping_status":"closed","template":"","meta":{"om_disable_all_campaigns":false,"_monsterinsights_skip_tracking":false,"_monsterinsights_sitenote_active":false,"_monsterinsights_sitenote_note":"","_monsterinsights_sitenote_category":0,"cybocfi_hide_featured_image":"","footnotes":"","beyondwords_generate_audio":"","beyondwords_integration_method":"","beyondwords_project_id":"","beyondwords_content_id":"","beyondwords_preview_token":"","beyondwords_player_content":"","beyondwords_player_style":"","beyondwords_language_code":"","beyondwords_language_id":"","beyondwords_title_voice_id":"","beyondwords_body_voice_id":"","beyondwords_summary_voice_id":"","beyondwords_error_message":"","beyondwords_disabled":"","beyondwords_delete_content":"","beyondwords_podcast_id":"","beyondwords_hash":"","publish_post_to_speechkit":"","speechkit_hash":"","speechkit_generate_audio":"","speechkit_project_id":"","speechkit_podcast_id":"","speechkit_error_message":"","speechkit_disabled":"","speechkit_access_key":"","speechkit_error":"","speechkit_info":"","speechkit_response":"","speechkit_retries":"","speechkit_status":"","speechkit_updated_at":"","_speechkit_link":"","_speechkit_text":""},"class_list":["post-35","page","type-page","status-publish","hentry"],"aioseo_notices":[],"_links":{"self":[{"href":"https:\/\/mangolacplp.pt\/index.php?rest_route=\/wp\/v2\/pages\/35","targetHints":{"allow":["GET"]}}],"collection":[{"href":"https:\/\/mangolacplp.pt\/index.php?rest_route=\/wp\/v2\/pages"}],"about":[{"href":"https:\/\/mangolacplp.pt\/index.php?rest_route=\/wp\/v2\/types\/page"}],"author":[{"embeddable":true,"href":"https:\/\/mangolacplp.pt\/index.php?rest_route=\/wp\/v2\/users\/1"}],"replies":[{"embeddable":true,"href":"https:\/\/mangolacplp.pt\/index.php?rest_route=%2Fwp%2Fv2%2Fcomments&post=35"}],"version-history":[{"count":0,"href":"https:\/\/mangolacplp.pt\/index.php?rest_route=\/wp\/v2\/pages\/35\/revisions"}],"wp:attachment":[{"href":"https:\/\/mangolacplp.pt\/index.php?rest_route=%2Fwp%2Fv2%2Fmedia&parent=35"}],"curies":[{"name":"wp","href":"https:\/\/api.w.org\/{rel}","templated":true}]}}