{"id":37,"date":"2021-12-20T12:13:21","date_gmt":"2021-12-20T22:13:21","guid":{"rendered":"http:\/\/localhost\/embaixada1\/?page_id=37"},"modified":"2022-11-03T21:18:08","modified_gmt":"2022-11-03T21:18:08","slug":"geo-politica","status":"publish","type":"page","link":"https:\/\/mangolacplp.pt\/?page_id=37","title":{"rendered":"Governo"},"content":{"rendered":"<div class=\"wp-block-image\">\n<figure class=\"alignright size-full is-resized\"><img fetchpriority=\"high\" decoding=\"async\" src=\"http:\/\/mangolacplp-pt.preview-domain.com\/wp-content\/uploads\/2022\/10\/WhatsApp-Image-2022-09-16-at-06.57.51-1.jpeg\" alt=\"\" class=\"wp-image-2218\" width=\"238\" height=\"276\" srcset=\"https:\/\/mangolacplp.pt\/wp-content\/uploads\/2022\/10\/WhatsApp-Image-2022-09-16-at-06.57.51-1.jpeg 475w, https:\/\/mangolacplp.pt\/wp-content\/uploads\/2022\/10\/WhatsApp-Image-2022-09-16-at-06.57.51-1-259x300.jpeg 259w\" sizes=\"(max-width: 238px) 100vw, 238px\" \/><figcaption class=\"wp-element-caption\">Vice-Presidente Esperan\u00e7a da Costa.<\/figcaption><\/figure>\n<\/div>\n\n<div class=\"wp-block-image is-style-default\">\n<figure class=\"alignright size-full is-resized\"><img decoding=\"async\" src=\"http:\/\/mangolacplp-pt.preview-domain.com\/wp-content\/uploads\/2022\/10\/09840000-0aff-0242-34ec-08da9737dc2d_w1023_r1_s.jpg\" alt=\"\" class=\"wp-image-2219\" width=\"197\" height=\"288\" srcset=\"https:\/\/mangolacplp.pt\/wp-content\/uploads\/2022\/10\/09840000-0aff-0242-34ec-08da9737dc2d_w1023_r1_s.jpg 393w, https:\/\/mangolacplp.pt\/wp-content\/uploads\/2022\/10\/09840000-0aff-0242-34ec-08da9737dc2d_w1023_r1_s-205x300.jpg 205w\" sizes=\"(max-width: 197px) 100vw, 197px\" \/><figcaption class=\"wp-element-caption\">Presidente Jo\u00e3o Louren\u00e7o.<\/figcaption><\/figure>\n<\/div>\n\n\n<p>O regime pol\u00edtico vigente em Angola \u00e9 o&nbsp;presidencialismo, em que o Presidente da Rep\u00fablica \u00e9 igualmente chefe do&nbsp;Governo, que tem ainda&nbsp;poderes legislativos. O ramo executivo do governo \u00e9 composto actualmente pelo presidente&nbsp;Jo\u00e3o Manuel Gon\u00e7alves Louren\u00e7o, pela Vice-Presidente&nbsp;Esperan\u00e7a da Costa&nbsp;e pelo Conselho de Ministros. Os governadores das&nbsp;18 prov\u00edncias&nbsp;s\u00e3o nomeados pelo presidente e executam as suas directivas. A Lei Constitucional de 1992 estabelecia as linhas gerais da estrutura do governo e enquadra os direitos e deveres dos cidad\u00e3os. O sistema legal baseia-se no portugu\u00eas e direito consuetudin\u00e1rio. Existem tribunais s\u00f3 em 12 dos mais de 140&nbsp;munic\u00edpios&nbsp;do pa\u00eds.<\/p>\n\n\n\n<div class=\"wp-block-buttons is-content-justification-center is-layout-flex wp-container-core-buttons-is-layout-a89b3969 wp-block-buttons-is-layout-flex\">\n<div class=\"wp-block-button\"><a class=\"wp-block-button__link has-luminous-vivid-amber-color has-vivid-red-background-color has-text-color has-background wp-element-button\" href=\"https:\/\/www.jornaldeangola.ao\/ao\/noticias\/index.php?tipo=1&amp;idSec=20\" target=\"_blank\" rel=\"noreferrer noopener\">Pol\u00edtica em Angola<\/a><\/div>\n\n\n\n<div class=\"wp-block-button\"><a class=\"wp-block-button__link has-luminous-vivid-amber-color has-vivid-red-background-color has-text-color has-background wp-element-button\" href=\"https:\/\/www.cne.ao\/\" target=\"_blank\" rel=\"noreferrer noopener\">CNE<\/a><\/div>\n<\/div>\n\n\n\n<p><\/p>\n\n\n\n<p><\/p>\n\n\n\n<p><\/p>\n\n\n\n<p><\/p>\n\n\n\n<p><\/p>\n\n\n\n<p><\/p>\n\n\n\n<p><\/p>\n","protected":false},"excerpt":{"rendered":"<p>O regime pol\u00edtico vigente em Angola \u00e9 o&nbsp;presidencialismo, em que o Presidente da Rep\u00fablica \u00e9 igualmente chefe do&nbsp;Governo, que tem ainda&nbsp;poderes legislativos. O ramo executivo do governo \u00e9 composto actualmente pelo presidente&nbsp;Jo\u00e3o Manuel Gon\u00e7alves Louren\u00e7o, pela Vice-Presidente&nbsp;Esperan\u00e7a da Costa&nbsp;e pelo Conselho de Ministros. Os governadores das&nbsp;18 prov\u00edncias&nbsp;s\u00e3o nomeados pelo presidente e executam as suas directivas. [&hellip;]<\/p>\n","protected":false},"author":1,"featured_media":0,"parent":0,"menu_order":4,"comment_status":"closed","ping_status":"closed","template":"","meta":{"om_disable_all_campaigns":false,"_monsterinsights_skip_tracking":false,"_monsterinsights_sitenote_active":false,"_monsterinsights_sitenote_note":"","_monsterinsights_sitenote_category":0,"cybocfi_hide_featured_image":"","footnotes":"","beyondwords_generate_audio":"","beyondwords_integration_method":"","beyondwords_project_id":"","beyondwords_content_id":"","beyondwords_preview_token":"","beyondwords_player_content":"","beyondwords_player_style":"","beyondwords_language_code":"","beyondwords_language_id":"","beyondwords_title_voice_id":"","beyondwords_body_voice_id":"","beyondwords_summary_voice_id":"","beyondwords_error_message":"","beyondwords_disabled":"","beyondwords_delete_content":"","beyondwords_podcast_id":"","beyondwords_hash":"","publish_post_to_speechkit":"","speechkit_hash":"","speechkit_generate_audio":"","speechkit_project_id":"","speechkit_podcast_id":"","speechkit_error_message":"","speechkit_disabled":"","speechkit_access_key":"","speechkit_error":"","speechkit_info":"","speechkit_response":"","speechkit_retries":"","speechkit_status":"","speechkit_updated_at":"","_speechkit_link":"","_speechkit_text":""},"class_list":["post-37","page","type-page","status-publish","hentry"],"aioseo_notices":[],"_links":{"self":[{"href":"https:\/\/mangolacplp.pt\/index.php?rest_route=\/wp\/v2\/pages\/37","targetHints":{"allow":["GET"]}}],"collection":[{"href":"https:\/\/mangolacplp.pt\/index.php?rest_route=\/wp\/v2\/pages"}],"about":[{"href":"https:\/\/mangolacplp.pt\/index.php?rest_route=\/wp\/v2\/types\/page"}],"author":[{"embeddable":true,"href":"https:\/\/mangolacplp.pt\/index.php?rest_route=\/wp\/v2\/users\/1"}],"replies":[{"embeddable":true,"href":"https:\/\/mangolacplp.pt\/index.php?rest_route=%2Fwp%2Fv2%2Fcomments&post=37"}],"version-history":[{"count":0,"href":"https:\/\/mangolacplp.pt\/index.php?rest_route=\/wp\/v2\/pages\/37\/revisions"}],"wp:attachment":[{"href":"https:\/\/mangolacplp.pt\/index.php?rest_route=%2Fwp%2Fv2%2Fmedia&parent=37"}],"curies":[{"name":"wp","href":"https:\/\/api.w.org\/{rel}","templated":true}]}}