{"id":380,"date":"2022-02-10T21:59:48","date_gmt":"2022-02-10T21:59:48","guid":{"rendered":"http:\/\/localhost\/embaixada1\/?page_id=380"},"modified":"2022-02-10T21:59:48","modified_gmt":"2022-02-10T21:59:48","slug":"turismo","status":"publish","type":"page","link":"https:\/\/mangolacplp.pt\/?page_id=380","title":{"rendered":"Turismo"},"content":{"rendered":"\n<p>Em Angola o turismo \u00e9 um sector que merece destaque por representar grande diversidade paisag\u00edstica como os grandes relevos, praias, fal\u00e9sias, cascatas, rios e lagos, grutas, grutas e \u00e1reas protegidas. Angola tem que mostrar ao mundo as suas maravilhas naturais, incentivar e atrair o turismo.<\/p>\n\n\n<p>Em Luanda, encontramos o miradouro da lua, paisagem rara e bela, a Ilha do Mussulo que exibe uma beleza que n\u00e3o passa despercebida, e que tem sido visitada por muitos turistas.<\/p>\n\n<div class=\"wp-block-image\">\n<figure class=\"aligncenter size-full\"><img decoding=\"async\" src=\"http:\/\/localhost\/cplp\/wp-content\/uploads\/2022\/05\/00SobreAngolaturismo.gif\" alt=\"\" class=\"wp-image-1122\"\/><\/figure>\n<\/div>\n\n<p>No Bengo tamb\u00e9m encontramos v\u00e1rios atrativos, suas belas praias como Cabo Ledo, Pambala e Ambriz e tamb\u00e9m visite a Barra do Dande, Barra do Kwanza e as lagoas de Ibend\u00f3a, Cabiri e Ulua do Sungui.<\/p>\n\n\n<p>Em Benguela a terra chamada das Ac\u00e1cias Rubras, com as suas belas praias repletas de turistas e nativos simp\u00e1ticos e acolhedores.<\/p>\n\n\n<p>Na prov\u00edncia da Hu\u00edla, Lubango, Serra da Leba, uma maravilha \u00fanica, a paisagem das mangueiras na Humpata, locais habitados at\u00e9 hoje por ind\u00edgenas africanos, ricos em com\u00e9rcio, bens naturais como a agricultura, entre outros. Na cidade do Lubango, tamb\u00e9m a bela imagem do Cristo Redentor, as fendas e a Tundavala Serra da Leba.<\/p>\n\n<div class=\"wp-block-image\">\n<figure class=\"alignright size-full is-resized\"><img fetchpriority=\"high\" decoding=\"async\" src=\"http:\/\/localhost\/cplp\/wp-content\/uploads\/2022\/05\/1000x563_cmsv2_5534067a-b71c-561f-a3ea-cbe3a617540d-5681910.jpg\" alt=\"\" class=\"wp-image-1149\" width=\"407\" height=\"228\"\/><\/figure>\n<\/div>\n\n<p>Em Malange encontram-se as maravilhosas quedas de Kalandula, s\u00e3o cascatas localizadas no concelho de Calandula, o rio Lucala, o afluente mais importante do rio Kwanza, temos tamb\u00e9m as pedras negras do Pungo a Ndongo, local bonito e hist\u00f3rico.<\/p>\n\n\n<p>No Kwanza-Sul, Litoral Central, as belas Cascatas de Binga.<\/p>\n\n\n<p>No Cunene, as cascatas de Ruacan\u00e1.<\/p>\n\n\n<p>O territ\u00f3rio angolano atrai muitos turistas pela riqueza da sua extensa fauna que inclui todas as esp\u00e9cies de animais e plantas;<\/p>\n","protected":false},"excerpt":{"rendered":"<p>Em Angola o turismo \u00e9 um sector que merece destaque por representar grande diversidade paisag\u00edstica como os grandes relevos, praias, fal\u00e9sias, cascatas, rios e lagos, grutas, grutas e \u00e1reas protegidas. Angola tem que mostrar ao mundo as suas maravilhas naturais, incentivar e atrair o turismo. Em Luanda, encontramos o miradouro da lua, paisagem rara e [&hellip;]<\/p>\n","protected":false},"author":1,"featured_media":0,"parent":0,"menu_order":0,"comment_status":"closed","ping_status":"closed","template":"","meta":{"om_disable_all_campaigns":false,"_monsterinsights_skip_tracking":false,"_monsterinsights_sitenote_active":false,"_monsterinsights_sitenote_note":"","_monsterinsights_sitenote_category":0,"cybocfi_hide_featured_image":"","footnotes":"","beyondwords_generate_audio":"","beyondwords_integration_method":"","beyondwords_project_id":"","beyondwords_content_id":"","beyondwords_preview_token":"","beyondwords_player_content":"","beyondwords_player_style":"","beyondwords_language_code":"","beyondwords_language_id":"","beyondwords_title_voice_id":"","beyondwords_body_voice_id":"","beyondwords_summary_voice_id":"","beyondwords_error_message":"","beyondwords_disabled":"","beyondwords_delete_content":"","beyondwords_podcast_id":"","beyondwords_hash":"","publish_post_to_speechkit":"","speechkit_hash":"","speechkit_generate_audio":"","speechkit_project_id":"","speechkit_podcast_id":"","speechkit_error_message":"","speechkit_disabled":"","speechkit_access_key":"","speechkit_error":"","speechkit_info":"","speechkit_response":"","speechkit_retries":"","speechkit_status":"","speechkit_updated_at":"","_speechkit_link":"","_speechkit_text":""},"class_list":["post-380","page","type-page","status-publish","hentry"],"aioseo_notices":[],"_links":{"self":[{"href":"https:\/\/mangolacplp.pt\/index.php?rest_route=\/wp\/v2\/pages\/380","targetHints":{"allow":["GET"]}}],"collection":[{"href":"https:\/\/mangolacplp.pt\/index.php?rest_route=\/wp\/v2\/pages"}],"about":[{"href":"https:\/\/mangolacplp.pt\/index.php?rest_route=\/wp\/v2\/types\/page"}],"author":[{"embeddable":true,"href":"https:\/\/mangolacplp.pt\/index.php?rest_route=\/wp\/v2\/users\/1"}],"replies":[{"embeddable":true,"href":"https:\/\/mangolacplp.pt\/index.php?rest_route=%2Fwp%2Fv2%2Fcomments&post=380"}],"version-history":[{"count":0,"href":"https:\/\/mangolacplp.pt\/index.php?rest_route=\/wp\/v2\/pages\/380\/revisions"}],"wp:attachment":[{"href":"https:\/\/mangolacplp.pt\/index.php?rest_route=%2Fwp%2Fv2%2Fmedia&parent=380"}],"curies":[{"name":"wp","href":"https:\/\/api.w.org\/{rel}","templated":true}]}}