{"id":46,"date":"2021-12-20T12:23:51","date_gmt":"2021-12-20T22:23:51","guid":{"rendered":"http:\/\/localhost\/embaixada1\/?page_id=46"},"modified":"2022-12-06T12:09:15","modified_gmt":"2022-12-06T12:09:15","slug":"desportes","status":"publish","type":"page","link":"https:\/\/mangolacplp.pt\/?page_id=46","title":{"rendered":"Desportos"},"content":{"rendered":"\n<p>O&nbsp;futebol&nbsp;\u00e9 o modalidade mais popular em Angola, sediou a&nbsp;Copa das Na\u00e7\u00f5es Africanas de 2010 (CAN). A sele\u00e7\u00e3o nacional qualificou-se para a&nbsp;Copa do Mundo FIFA de 2006, em sua primeira apari\u00e7\u00e3o na fase final de uma&nbsp;Copa do Mundo. Eles foram eliminados ap\u00f3s uma derrota e dois empates na fase de grupos. Ganharam tr\u00eas&nbsp;Copas COSAFA&nbsp;e foram para a final da&nbsp;Campeonato das Na\u00e7\u00f5es Africanas&nbsp;de 2011.<\/p>\n\n\n\n<p>No basquetebol a&nbsp;sele\u00e7\u00e3o nacional&nbsp;venceu o&nbsp;Afrobasket&nbsp;11 vezes e det\u00e9m o recorde de maior n\u00famero de t\u00edtulos. Como um time de ponta na \u00c1frica, \u00e9 um concorrente regular nos&nbsp;Jogos Ol\u00edmpicos de Ver\u00e3o&nbsp;e na&nbsp;Copa do Mundo da FIBA.<\/p>\n\n\n<div class=\"wp-block-image is-style-rounded\">\n<figure class=\"aligncenter size-large\"><img fetchpriority=\"high\" decoding=\"async\" width=\"1024\" height=\"739\" src=\"https:\/\/mangolacplp.pt\/wp-content\/uploads\/2022\/10\/cms-image-000034139-1024x739.jpg\" alt=\"\" class=\"wp-image-2175\" srcset=\"https:\/\/mangolacplp.pt\/wp-content\/uploads\/2022\/10\/cms-image-000034139-1024x739.jpg 1024w, https:\/\/mangolacplp.pt\/wp-content\/uploads\/2022\/10\/cms-image-000034139-300x217.jpg 300w, https:\/\/mangolacplp.pt\/wp-content\/uploads\/2022\/10\/cms-image-000034139-768x555.jpg 768w, https:\/\/mangolacplp.pt\/wp-content\/uploads\/2022\/10\/cms-image-000034139-1536x1109.jpg 1536w, https:\/\/mangolacplp.pt\/wp-content\/uploads\/2022\/10\/cms-image-000034139-2048x1479.jpg 2048w\" sizes=\"(max-width: 1024px) 100vw, 1024px\" \/><figcaption class=\"wp-element-caption\">Angola&#8217;s supporters cheer prior a 2013 Africa Cup of Nations football match against Cape Verde at Nelson Mandela Bay Stadium in Port Elizabeth on January 27, 2013. AFP PHOTO \/ STEPHANE DE SAKUTIN<\/figcaption><\/figure>\n<\/div>\n\n\n<p>O pa\u00eds tamb\u00e9m apareceu nos&nbsp;Jogos Ol\u00edmpicos de Ver\u00e3o&nbsp;durante sete anos e ambos competem regularmente e uma vez j\u00e1 sediou a Copa do Mundo de H\u00f3quei em Patins FIRS, onde o melhor resultado \u00e9 o sexto. Acredita-se tamb\u00e9m que Angola tenha ra\u00edzes hist\u00f3ricas na arte marcial &#8220;Capoeira Angola&#8221; e &#8220;Batuque&#8221;, praticada por angolanos africanos escravizados transportados como parte do com\u00e9rcio atl\u00e2ntico de escravos.<\/p>\n","protected":false},"excerpt":{"rendered":"<p>O&nbsp;futebol&nbsp;\u00e9 o modalidade mais popular em Angola, sediou a&nbsp;Copa das Na\u00e7\u00f5es Africanas de 2010 (CAN). A sele\u00e7\u00e3o nacional qualificou-se para a&nbsp;Copa do Mundo FIFA de 2006, em sua primeira apari\u00e7\u00e3o na fase final de uma&nbsp;Copa do Mundo. Eles foram eliminados ap\u00f3s uma derrota e dois empates na fase de grupos. Ganharam tr\u00eas&nbsp;Copas COSAFA&nbsp;e foram para [&hellip;]<\/p>\n","protected":false},"author":1,"featured_media":0,"parent":40,"menu_order":3,"comment_status":"closed","ping_status":"closed","template":"","meta":{"om_disable_all_campaigns":false,"_monsterinsights_skip_tracking":false,"_monsterinsights_sitenote_active":false,"_monsterinsights_sitenote_note":"","_monsterinsights_sitenote_category":0,"cybocfi_hide_featured_image":"","footnotes":"","beyondwords_generate_audio":"","beyondwords_integration_method":"","beyondwords_project_id":"","beyondwords_content_id":"","beyondwords_preview_token":"","beyondwords_player_content":"","beyondwords_player_style":"","beyondwords_language_code":"","beyondwords_language_id":"","beyondwords_title_voice_id":"","beyondwords_body_voice_id":"","beyondwords_summary_voice_id":"","beyondwords_error_message":"","beyondwords_disabled":"","beyondwords_delete_content":"","beyondwords_podcast_id":"","beyondwords_hash":"","publish_post_to_speechkit":"","speechkit_hash":"","speechkit_generate_audio":"","speechkit_project_id":"","speechkit_podcast_id":"","speechkit_error_message":"","speechkit_disabled":"","speechkit_access_key":"","speechkit_error":"","speechkit_info":"","speechkit_response":"","speechkit_retries":"","speechkit_status":"","speechkit_updated_at":"","_speechkit_link":"","_speechkit_text":""},"class_list":["post-46","page","type-page","status-publish","hentry"],"aioseo_notices":[],"_links":{"self":[{"href":"https:\/\/mangolacplp.pt\/index.php?rest_route=\/wp\/v2\/pages\/46","targetHints":{"allow":["GET"]}}],"collection":[{"href":"https:\/\/mangolacplp.pt\/index.php?rest_route=\/wp\/v2\/pages"}],"about":[{"href":"https:\/\/mangolacplp.pt\/index.php?rest_route=\/wp\/v2\/types\/page"}],"author":[{"embeddable":true,"href":"https:\/\/mangolacplp.pt\/index.php?rest_route=\/wp\/v2\/users\/1"}],"replies":[{"embeddable":true,"href":"https:\/\/mangolacplp.pt\/index.php?rest_route=%2Fwp%2Fv2%2Fcomments&post=46"}],"version-history":[{"count":0,"href":"https:\/\/mangolacplp.pt\/index.php?rest_route=\/wp\/v2\/pages\/46\/revisions"}],"up":[{"embeddable":true,"href":"https:\/\/mangolacplp.pt\/index.php?rest_route=\/wp\/v2\/pages\/40"}],"wp:attachment":[{"href":"https:\/\/mangolacplp.pt\/index.php?rest_route=%2Fwp%2Fv2%2Fmedia&parent=46"}],"curies":[{"name":"wp","href":"https:\/\/api.w.org\/{rel}","templated":true}]}}